{"id":331,"date":"2024-06-14T21:28:31","date_gmt":"2024-06-14T21:28:31","guid":{"rendered":"https:\/\/klubsmaja.lv\/?page_id=331"},"modified":"2025-12-11T17:45:11","modified_gmt":"2025-12-11T17:45:11","slug":"contacts","status":"publish","type":"page","link":"https:\/\/klubsmaja.lv\/en\/contacts\/","title":{"rendered":"Contacts"},"content":{"rendered":"<div data-elementor-type=\"wp-page\" data-elementor-id=\"331\" class=\"elementor elementor-331\">\n\t\t\t\t<div class=\"elementor-element elementor-element-f0b2a9f e-flex e-con-boxed wpr-particle-no wpr-jarallax-no wpr-parallax-no wpr-sticky-section-no e-con e-parent\" data-id=\"f0b2a9f\" data-element_type=\"container\" data-settings=\"{&quot;background_background&quot;:&quot;classic&quot;}\">\n\t\t\t\t\t<div class=\"e-con-inner\">\n\t\t\t\t<div class=\"elementor-element elementor-element-5baa400 elementor-widget elementor-widget-heading\" data-id=\"5baa400\" data-element_type=\"widget\" data-widget_type=\"heading.default\">\n\t\t\t\t<div class=\"elementor-widget-container\">\n\t\t\t<h2 class=\"elementor-heading-title elementor-size-default\">CONTACTS<\/h2>\t\t<\/div>\n\t\t\t\t<\/div>\n\t\t\t\t<div class=\"elementor-element elementor-element-716e35b elementor-widget elementor-widget-text-editor\" data-id=\"716e35b\" data-element_type=\"widget\" data-widget_type=\"text-editor.default\">\n\t\t\t\t<div class=\"elementor-widget-container\">\n\t\t\t\t\t\t\t<p>Biedr\u012bba \u201cKlubs \u201cM\u0101ja\u201d\u201d<strong><br \/>Re\u0123istr\u0101cijas numurs: <\/strong>40008009648<\/p><p><strong>Office address:<\/strong> Kungu iela 8, R\u012bga, Latvija, LV-1050<br \/><strong>E-mail:<\/strong> birojs@klubsmaja.lv<br \/><strong>Phone number:<\/strong> +371 2545 1199<\/p>\t\t\t\t\t\t<\/div>\n\t\t\t\t<\/div>\n\t\t\t\t<div class=\"elementor-element elementor-element-6185769 elementor-widget elementor-widget-text-editor\" data-id=\"6185769\" data-element_type=\"widget\" data-widget_type=\"text-editor.default\">\n\t\t\t\t<div class=\"elementor-widget-container\">\n\t\t\t\t\t\t\t<p><strong>Board contacts:<\/strong> valde@klubsmaja.lv<br \/>If you want to be in contact with the whole board at the same time.<\/p><p><strong>Ethics committee contacts: <\/strong>etikaskomisija@klubsmaja.lv<strong><br \/><\/strong>If you have a concern, complaint or question.<\/p><p><strong>Media group contacts: <\/strong>dizains@klubsmaja.lv<br \/>If you want to be contacted about the website, social media or the visual identity of Club \"The House\".<\/p><p><b>Vien\u012bbu kontakti:<br \/><\/b>R\u012bgas istaba | rigas.istaba@klubsmaja.lv<br \/>Eiropas klubi | annika.dukse@klubsmaja.lv<br \/>De.\u0123ener\u0101cija | de.generacija@klubsmaja.lv<br \/>ANO JDP | ano@klubsmaja.lv<br \/>JEF Latvija | jeflatvia@klubsmaja.lv<\/p><p><strong>Find contacts for project managers:<\/strong><\/p>\t\t\t\t\t\t<\/div>\n\t\t\t\t<\/div>\n\t\t\t\t<div class=\"elementor-element elementor-element-eb5469f elementor-align-left elementor-widget elementor-widget-elementskit-button\" data-id=\"eb5469f\" data-element_type=\"widget\" data-widget_type=\"elementskit-button.default\">\n\t\t\t\t<div class=\"elementor-widget-container\">\n\t\t\t<div class=\"ekit-wid-con\" >\t\t<div class=\"ekit-btn-wraper\">\n\t\t\t\t\t\t\t<a href=\"https:\/\/klubsmaja.lv\/en\/team\/\" class=\"elementskit-btn  whitespace--normal\" id=\"\">\n\t\t\t\t\tTEAM\t\t\t\t<\/a>\n\t\t\t\t\t<\/div>\n        <\/div>\t\t<\/div>\n\t\t\t\t<\/div>\n\t\t\t\t\t<\/div>\n\t\t\t\t<\/div>\n\t\t\t\t<\/div>","protected":false},"excerpt":{"rendered":"<p>KONTAKTI Biedr\u012bba \u201cKlubs \u201cM\u0101ja\u201d\u201dRe\u0123istr\u0101cijas numurs: 40008009648 Biroja adrese: Kungu iela 8, R\u012bga, Latvija, LV-1050E-pasts: birojs@klubsmaja.lvTelefona nr: +371 2545 1199 Valdes kontakti: valde@klubsmaja.lvJa v\u0113laties tikt kontakt\u0101 ar visu valdi vienlaic\u012bgi. \u0112tikas komisijas kontakti: etikaskomisija@klubsmaja.lvJa v\u0113laties izteikt raizi, s\u016bdz\u012bbu vai ba\u017eas. Mediju Grupas kontakti: dizains@klubsmaja.lvJa v\u0113laties tikt kontakt\u0101 par m\u0101jaslapu, soc. medijiem vai Klubs \u201cM\u0101ja\u201d vizu\u0101lo identit\u0101ti. Vien\u012bbu kontakti:R\u012bgas istaba | rigas.istaba@klubsmaja.lvEiropas klubi | annika.dukse@klubsmaja.lvDe.\u0123ener\u0101cija | de.generacija@klubsmaja.lvANO JDP | ano@klubsmaja.lvJEF Latvija | jeflatvia@klubsmaja.lv Projektu vad\u012bt\u0101ju kontaktus atrast: KOMANDA<\/p>","protected":false},"author":1,"featured_media":0,"parent":0,"menu_order":0,"comment_status":"closed","ping_status":"closed","template":"","meta":{"om_disable_all_campaigns":false,"_uf_show_specific_survey":0,"_uf_disable_surveys":false,"footnotes":""},"class_list":["post-331","page","type-page","status-publish","hentry"],"aioseo_notices":[],"_links":{"self":[{"href":"https:\/\/klubsmaja.lv\/en\/wp-json\/wp\/v2\/pages\/331"}],"collection":[{"href":"https:\/\/klubsmaja.lv\/en\/wp-json\/wp\/v2\/pages"}],"about":[{"href":"https:\/\/klubsmaja.lv\/en\/wp-json\/wp\/v2\/types\/page"}],"author":[{"embeddable":true,"href":"https:\/\/klubsmaja.lv\/en\/wp-json\/wp\/v2\/users\/1"}],"replies":[{"embeddable":true,"href":"https:\/\/klubsmaja.lv\/en\/wp-json\/wp\/v2\/comments?post=331"}],"version-history":[{"count":40,"href":"https:\/\/klubsmaja.lv\/en\/wp-json\/wp\/v2\/pages\/331\/revisions"}],"predecessor-version":[{"id":6940,"href":"https:\/\/klubsmaja.lv\/en\/wp-json\/wp\/v2\/pages\/331\/revisions\/6940"}],"wp:attachment":[{"href":"https:\/\/klubsmaja.lv\/en\/wp-json\/wp\/v2\/media?parent=331"}],"curies":[{"name":"wp","href":"https:\/\/api.w.org\/{rel}","templated":true}]}}