{"id":408,"date":"2024-06-14T22:25:54","date_gmt":"2024-06-14T22:25:54","guid":{"rendered":"https:\/\/klubsmaja.lv\/?page_id=408"},"modified":"2025-11-28T13:56:53","modified_gmt":"2025-11-28T13:56:53","slug":"rekviziti","status":"publish","type":"page","link":"https:\/\/klubsmaja.lv\/en\/rekviziti\/","title":{"rendered":"Details"},"content":{"rendered":"<div data-elementor-type=\"wp-page\" data-elementor-id=\"408\" class=\"elementor elementor-408\">\n\t\t\t\t<div class=\"elementor-element elementor-element-488255b e-flex e-con-boxed wpr-particle-no wpr-jarallax-no wpr-parallax-no wpr-sticky-section-no e-con e-parent\" data-id=\"488255b\" data-element_type=\"container\" data-settings=\"{&quot;background_background&quot;:&quot;classic&quot;}\">\n\t\t\t\t\t<div class=\"e-con-inner\">\n\t\t\t\t<div class=\"elementor-element elementor-element-f2d5e31 elementor-widget elementor-widget-heading\" data-id=\"f2d5e31\" data-element_type=\"widget\" data-widget_type=\"heading.default\">\n\t\t\t\t<div class=\"elementor-widget-container\">\n\t\t\t<h2 class=\"elementor-heading-title elementor-size-default\">DETAILS<\/h2>\t\t<\/div>\n\t\t\t\t<\/div>\n\t\t\t\t<div class=\"elementor-element elementor-element-294d7aa elementor-widget elementor-widget-text-editor\" data-id=\"294d7aa\" data-element_type=\"widget\" data-widget_type=\"text-editor.default\">\n\t\t\t\t<div class=\"elementor-widget-container\">\n\t\t\t\t\t\t\t<p>Biedr\u012bba \u201cKlubs \u201cM\u0101ja\u201d&#8221;<br \/>Registration number: 40008009648<br \/>Juridisk\u0101 adrese: Kungu iela 8, R\u012bga, LV-1050<br \/>IBAN code: LV12HABA0551043721581<br \/>Bank: \u201cSWEDBANK\u201d AS BIC\/S.W.I.F.T.: HABALV22<\/p>\t\t\t\t\t\t<\/div>\n\t\t\t\t<\/div>\n\t\t\t\t<div class=\"elementor-element elementor-element-6934628 elementor-widget-mobile__width-initial elementor-widget elementor-widget-text-editor\" data-id=\"6934628\" data-element_type=\"widget\" data-widget_type=\"text-editor.default\">\n\t\t\t\t<div class=\"elementor-widget-container\">\n\t\t\t\t\t\t\t<p>If funding is from a specific project, please contact the project<br \/>the manager of the note to be added, or write to <span style=\"text-decoration: underline;\">birojs@klubsmaja.lv.<\/span><\/p><p>Find contacts for project managers:<\/p>\t\t\t\t\t\t<\/div>\n\t\t\t\t<\/div>\n\t\t\t\t<div class=\"elementor-element elementor-element-50a61bc elementor-align-left elementor-widget elementor-widget-elementskit-button\" data-id=\"50a61bc\" data-element_type=\"widget\" data-widget_type=\"elementskit-button.default\">\n\t\t\t\t<div class=\"elementor-widget-container\">\n\t\t\t<div class=\"ekit-wid-con\" >\t\t<div class=\"ekit-btn-wraper\">\n\t\t\t\t\t\t\t<a href=\"https:\/\/klubsmaja.lv\/en\/team\/\" class=\"elementskit-btn  whitespace--normal\" id=\"\">\n\t\t\t\t\tTEAM\t\t\t\t<\/a>\n\t\t\t\t\t<\/div>\n        <\/div>\t\t<\/div>\n\t\t\t\t<\/div>\n\t\t\t\t\t<\/div>\n\t\t\t\t<\/div>\n\t\t\t\t<\/div>","protected":false},"excerpt":{"rendered":"<p>REKVIZ\u012aTI Biedr\u012bba \u201cKlubs \u201cM\u0101ja\u201d&#8221;Re\u0123istr\u0101cijas numurs: 40008009648Juridisk\u0101 adrese: Kungu iela 8, R\u012bga, LV-1050IBAN kods: LV12HABA0551043721581Banka: \u201cSWEDBANK\u201d AS BIC\/S.W.I.F.T.: HABALV22 Ja finans\u0113jums tiek veikts no konkr\u0113ta projekta, l\u016bgums sazin\u0101ties ar projektuvad\u012bt\u0101ju par pievienojamo piebildi vai ar\u012b rakst\u012bt uz birojs@klubsmaja.lv. Projektu vad\u012bt\u0101ju kontaktus atrast: KOMANDA<\/p>","protected":false},"author":1,"featured_media":0,"parent":0,"menu_order":0,"comment_status":"closed","ping_status":"closed","template":"","meta":{"om_disable_all_campaigns":false,"_uf_show_specific_survey":0,"_uf_disable_surveys":false,"footnotes":""},"class_list":["post-408","page","type-page","status-publish","hentry"],"aioseo_notices":[],"_links":{"self":[{"href":"https:\/\/klubsmaja.lv\/en\/wp-json\/wp\/v2\/pages\/408"}],"collection":[{"href":"https:\/\/klubsmaja.lv\/en\/wp-json\/wp\/v2\/pages"}],"about":[{"href":"https:\/\/klubsmaja.lv\/en\/wp-json\/wp\/v2\/types\/page"}],"author":[{"embeddable":true,"href":"https:\/\/klubsmaja.lv\/en\/wp-json\/wp\/v2\/users\/1"}],"replies":[{"embeddable":true,"href":"https:\/\/klubsmaja.lv\/en\/wp-json\/wp\/v2\/comments?post=408"}],"version-history":[{"count":34,"href":"https:\/\/klubsmaja.lv\/en\/wp-json\/wp\/v2\/pages\/408\/revisions"}],"predecessor-version":[{"id":6927,"href":"https:\/\/klubsmaja.lv\/en\/wp-json\/wp\/v2\/pages\/408\/revisions\/6927"}],"wp:attachment":[{"href":"https:\/\/klubsmaja.lv\/en\/wp-json\/wp\/v2\/media?parent=408"}],"curies":[{"name":"wp","href":"https:\/\/api.w.org\/{rel}","templated":true}]}}