{"id":447,"date":"2024-06-14T22:44:57","date_gmt":"2024-06-14T22:44:57","guid":{"rendered":"https:\/\/klubsmaja.lv\/cart\/"},"modified":"2024-12-30T11:46:10","modified_gmt":"2024-12-30T11:46:10","slug":"cart","status":"publish","type":"page","link":"https:\/\/klubsmaja.lv\/en\/cart\/","title":{"rendered":"Grozs"},"content":{"rendered":"<div data-elementor-type=\"wp-page\" data-elementor-id=\"447\" class=\"elementor elementor-447\">\n\t\t\t\t<div class=\"elementor-element elementor-element-306976d e-flex e-con-boxed wpr-particle-no wpr-jarallax-no wpr-parallax-no wpr-sticky-section-no e-con e-parent\" data-id=\"306976d\" data-element_type=\"container\" data-settings=\"{&quot;background_background&quot;:&quot;classic&quot;}\">\n\t\t\t\t\t<div class=\"e-con-inner\">\n\t\t\t\t<div class=\"elementor-element elementor-element-0df134a elementor-widget elementor-widget-heading\" data-id=\"0df134a\" data-element_type=\"widget\" data-widget_type=\"heading.default\">\n\t\t\t\t<div class=\"elementor-widget-container\">\n\t\t\t<h2 class=\"elementor-heading-title elementor-size-default\">SHOPPING CART<\/h2>\t\t<\/div>\n\t\t\t\t<\/div>\n\t\t\t\t\t<\/div>\n\t\t\t\t<\/div>\n\t\t<div class=\"elementor-element elementor-element-129185cd e-flex e-con-boxed wpr-particle-no wpr-jarallax-no wpr-parallax-no wpr-sticky-section-no e-con e-parent\" data-id=\"129185cd\" data-element_type=\"container\" data-settings=\"{&quot;background_background&quot;:&quot;classic&quot;}\">\n\t\t\t\t\t<div class=\"e-con-inner\">\n\t\t\t\t<div class=\"elementor-element elementor-element-023dde1 elementor-hidden-mobile elementor-widget elementor-widget-eael-woo-cart\" data-id=\"023dde1\" data-element_type=\"widget\" data-settings=\"{&quot;eael_woo_cart_components_continue_shopping_icon&quot;:{&quot;value&quot;:&quot;fas fa-chevron-left&quot;,&quot;library&quot;:&quot;fa-solid&quot;}}\" data-widget_type=\"eael-woo-cart.default\">\n\t\t\t\t<div class=\"elementor-widget-container\">\n\t\t\t\t\t\t\t<div class=\"eael-woo-cart-wrapper eael-woo-cart-empty eael-woo-default eael-auto-update33\">\n\t\t\t\t<div class=\"woocommerce-notices-wrapper\"><\/div><div class=\"wc-empty-cart-message\">\n\t<div class=\"cart-empty woocommerce-info\">\n\t\tTavs grozs \u0161obr\u012bd ir tuk\u0161s!\t<\/div>\n<\/div>\t<p class=\"return-to-shop\">\n\t\t<a class=\"button wc-backward\" href=\"https:\/\/klubsmaja.lv\/en\/suveniri\/\">\n\t\t\tReturn to shop\t\t<\/a>\n\t<\/p>\n                <\/div>\n\t\t\t\t        <script>document.body.classList.add(\"eael-woo-cart\");<\/script>\n\t\t\t\t<\/div>\n\t\t\t\t<\/div>\n\t\t\t\t<div class=\"elementor-element elementor-element-deec23e elementor-hidden-desktop elementor-hidden-tablet elementor-widget elementor-widget-eael-woo-cart\" data-id=\"deec23e\" data-element_type=\"widget\" data-settings=\"{&quot;eael_woo_cart_components_continue_shopping_icon&quot;:{&quot;value&quot;:&quot;fas fa-chevron-left&quot;,&quot;library&quot;:&quot;fa-solid&quot;}}\" data-widget_type=\"eael-woo-cart.default\">\n\t\t\t\t<div class=\"elementor-widget-container\">\n\t\t\t\t\t\t\t<div class=\"eael-woo-cart-wrapper eael-woo-cart-empty eael-woo-style-2 eael-auto-update33\">\n\t\t\t\t<div class=\"woocommerce-notices-wrapper\"><\/div><div class=\"wc-empty-cart-message\">\n\t<div class=\"cart-empty woocommerce-info\">\n\t\tTavs grozs \u0161obr\u012bd ir tuk\u0161s!\t<\/div>\n<\/div>\t<p class=\"return-to-shop\">\n\t\t<a class=\"button wc-backward\" href=\"https:\/\/klubsmaja.lv\/en\/suveniri\/\">\n\t\t\tReturn to shop\t\t<\/a>\n\t<\/p>\n                <\/div>\n\t\t\t\t        <script>document.body.classList.add(\"eael-woo-cart\");<\/script>\n\t\t\t\t<\/div>\n\t\t\t\t<\/div>\n\t\t\t\t\t<\/div>\n\t\t\t\t<\/div>\n\t\t<div class=\"elementor-element elementor-element-d3928aa e-flex e-con-boxed wpr-particle-no wpr-jarallax-no wpr-parallax-no wpr-sticky-section-no e-con e-parent\" data-id=\"d3928aa\" data-element_type=\"container\" data-settings=\"{&quot;background_background&quot;:&quot;classic&quot;}\">\n\t\t\t\t\t<div class=\"e-con-inner\">\n\t\t\t\t<div class=\"elementor-element elementor-element-8fce39d elementor-widget elementor-widget-spacer\" data-id=\"8fce39d\" data-element_type=\"widget\" data-widget_type=\"spacer.default\">\n\t\t\t\t<div class=\"elementor-widget-container\">\n\t\t\t\t\t<div class=\"elementor-spacer\">\n\t\t\t<div class=\"elementor-spacer-inner\"><\/div>\n\t\t<\/div>\n\t\t\t\t<\/div>\n\t\t\t\t<\/div>\n\t\t\t\t\t<\/div>\n\t\t\t\t<\/div>\n\t\t\t\t<\/div>","protected":false},"excerpt":{"rendered":"<p>IEPIRKUMU GROZS PRODUKTS CENA DAUDZUMS KOP\u0100 Klubs &#8220;M\u0101ja&#8221; melna kr\u016bze 14,45&nbsp;&euro; Klubs &quot;M\u0101ja&quot; melna kr\u016bze quantity 28,90&nbsp;&euro; Eiropas klubi met\u0101la kr\u016bze 15,95&nbsp;&euro; Eiropas klubi met\u0101la kr\u016bze quantity 15,95&nbsp;&euro; Eiropas klubi met\u0101la kr\u016bze 15,95&nbsp;&euro; Eiropas klubi met\u0101la kr\u016bze quantity 31,90&nbsp;&euro; Coupon: IZMANTOT Turpin\u0101t iepirk\u0161anos ATJAUNOT GROZU Subtotal 76,75&nbsp;&euro; Shipping Flat Rate (Estimated delivery: Jul 9\u2060\u201311): 10,46&nbsp;&euro; Shipping to Aleksandra \u010caka 83a, R\u012bga, LV-1011. Change address Country \/ region: Select a country \/ region&hellip;Latvia State \/ County: City: Postcode \/ ZIP: Update VAT 18,32&nbsp;&euro; Total 105,53&nbsp;&euro; MAKS\u0100T PRODUKTS CENA DAUDZUMS 14,45&nbsp;&euro; Klubs &quot;M\u0101ja&quot; melna kr\u016bze quantity 15,95&nbsp;&euro; Eiropas klubi met\u0101la kr\u016bze quantity 15,95&nbsp;&euro; Eiropas klubi met\u0101la kr\u016bze quantity Turpin\u0101t iepirk\u0161anos ATJAUNOT GROZU Subtotal 76,75&nbsp;&euro; Shipping Flat Rate (Estimated delivery: Jul 9\u2060\u201311): 10,46&nbsp;&euro; Shipping to Aleksandra \u010caka 83a, R\u012bga, LV-1011. Change address Country \/ region: Select a country \/ region&hellip;Latvia State \/ County: City: Postcode \/ ZIP: Update VAT 18,32&nbsp;&euro; Total 105,53&nbsp;&euro; MAKS\u0100T<\/p>","protected":false},"author":1,"featured_media":0,"parent":0,"menu_order":0,"comment_status":"closed","ping_status":"closed","template":"","meta":{"om_disable_all_campaigns":false,"_uf_show_specific_survey":0,"_uf_disable_surveys":false,"footnotes":""},"class_list":["post-447","page","type-page","status-publish","hentry"],"aioseo_notices":[],"_links":{"self":[{"href":"https:\/\/klubsmaja.lv\/en\/wp-json\/wp\/v2\/pages\/447"}],"collection":[{"href":"https:\/\/klubsmaja.lv\/en\/wp-json\/wp\/v2\/pages"}],"about":[{"href":"https:\/\/klubsmaja.lv\/en\/wp-json\/wp\/v2\/types\/page"}],"author":[{"embeddable":true,"href":"https:\/\/klubsmaja.lv\/en\/wp-json\/wp\/v2\/users\/1"}],"replies":[{"embeddable":true,"href":"https:\/\/klubsmaja.lv\/en\/wp-json\/wp\/v2\/comments?post=447"}],"version-history":[{"count":51,"href":"https:\/\/klubsmaja.lv\/en\/wp-json\/wp\/v2\/pages\/447\/revisions"}],"predecessor-version":[{"id":4764,"href":"https:\/\/klubsmaja.lv\/en\/wp-json\/wp\/v2\/pages\/447\/revisions\/4764"}],"wp:attachment":[{"href":"https:\/\/klubsmaja.lv\/en\/wp-json\/wp\/v2\/media?parent=447"}],"curies":[{"name":"wp","href":"https:\/\/api.w.org\/{rel}","templated":true}]}}