{"id":4684,"date":"2024-07-05T19:32:58","date_gmt":"2024-07-05T19:32:58","guid":{"rendered":"https:\/\/klubsmaja.lv\/?page_id=4684"},"modified":"2024-12-18T13:01:52","modified_gmt":"2024-12-18T13:01:52","slug":"disclaimer","status":"publish","type":"page","link":"https:\/\/klubsmaja.lv\/en\/disclaimer\/","title":{"rendered":"M\u0101jaslapas atruna"},"content":{"rendered":"<div data-elementor-type=\"wp-page\" data-elementor-id=\"4684\" class=\"elementor elementor-4684\">\n\t\t\t\t<div class=\"elementor-element elementor-element-ac3ae99 e-flex e-con-boxed wpr-particle-no wpr-jarallax-no wpr-parallax-no wpr-sticky-section-no e-con e-parent\" data-id=\"ac3ae99\" data-element_type=\"container\" data-settings=\"{&quot;background_background&quot;:&quot;classic&quot;}\">\n\t\t\t\t\t<div class=\"e-con-inner\">\n\t\t<div class=\"elementor-element elementor-element-07b1710 e-flex e-con-boxed wpr-particle-no wpr-jarallax-no wpr-parallax-no wpr-sticky-section-no e-con e-child\" data-id=\"07b1710\" data-element_type=\"container\" data-settings=\"{&quot;background_background&quot;:&quot;classic&quot;}\">\n\t\t\t\t\t<div class=\"e-con-inner\">\n\t\t\t\t<div class=\"elementor-element elementor-element-c2e9616 elementor-widget elementor-widget-heading\" data-id=\"c2e9616\" data-element_type=\"widget\" data-widget_type=\"heading.default\">\n\t\t\t\t<div class=\"elementor-widget-container\">\n\t\t\t<h2 class=\"elementor-heading-title elementor-size-default\">DISCLAIMER<\/h2>\t\t<\/div>\n\t\t\t\t<\/div>\n\t\t\t\t\t<\/div>\n\t\t\t\t<\/div>\n\t\t\t\t<div class=\"elementor-element elementor-element-f58e9d0 elementor-widget elementor-widget-text-editor\" data-id=\"f58e9d0\" data-element_type=\"widget\" data-widget_type=\"text-editor.default\">\n\t\t\t\t<div class=\"elementor-widget-container\">\n\t\t\t\t\t\t\t<p><span style=\"font-weight: 400;\">All information on this website is published on a voluntary basis and is intended for general information purposes only. <\/span><b>Klubs \u201cM\u0101ja\u201d<\/b><span style=\"font-weight: 400;\"> izstr\u0101d\u0101t\u0101s m\u0101jaslapas <\/span><b>klubsmaja.lv, kursi.klubsmaja.lv un pay.klubsmaja.lv<\/b><span style=\"font-weight: 400;\"> nesniedz nek\u0101das garantijas par \u0161\u012bs inform\u0101cijas piln\u012bgumu, uzticam\u012bbu un precizit\u0101ti. Jebkura darb\u012bba, ko j\u016bs veicat, pamatojoties uz \u0161aj\u0101 t\u012bmek\u013ca vietn\u0113 atrodamo inform\u0101ciju, ir tikai un vien\u012bgi uz j\u016bsu pa\u0161a risku. Klubs \u201cM\u0101ja\u201d neb\u016bs atbild\u012bgs par jebk\u0101diem zaud\u0113jumiem un\/vai kait\u0113jumu saist\u012bb\u0101 ar m\u016bsu t\u012bmek\u013ca vietnes izmanto\u0161anu un taj\u0101 sa\u0146emto saturu.<\/span><\/p><p><span style=\"font-weight: 400;\">No m\u016bsu t\u012bmek\u013ca vietnes j\u016bs varat apmekl\u0113t citas t\u012bmek\u013ca vietnes, izmantojot hipersaites uz \u0161\u0101d\u0101m \u0101r\u0113j\u0101m vietn\u0113m. Lai gan m\u0113s cen\u0161amies nodro\u0161in\u0101t piek\u013cuvi tikai dro\u0161am un patiesam saturam, \u0161\u012bs saites uz cit\u0101m t\u012bmek\u013ca vietn\u0113m nenoz\u012bm\u0113, ka tiek rekomend\u0113ts viss \u0161aj\u0101s vietn\u0113s atrodamais saturs. Viet\u0146u \u012bpa\u0161nieki un saturs var main\u012bties bez iepriek\u0161\u0113ja br\u012bdin\u0101juma, un tas var notikt, pirms mums ir iesp\u0113ja dz\u0113st saiti, kas, iesp\u0113jams, ir k\u013cuvusi \u201cneuzticama\u201d.<\/span><\/p><p><span style=\"font-weight: 400;\">L\u016bdzu, \u0146emiet v\u0113r\u0101 ar\u012b to, ka, atst\u0101jot m\u016bsu vietni, cit\u0101s vietn\u0113s var b\u016bt at\u0161\u0137ir\u012bgas priv\u0101tuma politikas un noteikumi, kas ir \u0101rpus m\u016bsu kontroles. Pirms iesaist\u012b\u0161an\u0101s jebk\u0101dos dar\u012bjumos vai inform\u0101cijas ievad\u012b\u0161an\u0101 noteikti p\u0101rbaudiet \u0161o viet\u0146u priv\u0101tuma politiku, k\u0101 ar\u012b to \u201cPakalpojumu snieg\u0161anas noteikumus\u201d.<br \/><br \/><\/span><\/p><p><b>AGREEMENT<br \/><\/b><span style=\"font-weight: 400;\">By using our website, you accept our disclaimer and agree to its terms.<\/span><\/p><p><b><br \/>EXTRA INFORMATION<br \/><\/b><span style=\"font-weight: 400;\">If you require further information or have any questions about our website disclaimer, please contact us by email <\/span><a href=\"mailto:birojs@klubsmaja.lv\"><span style=\"font-weight: 400;\">birojs@klubsmaja.lv<\/span><\/a><br \/><br \/><\/p><p><b>Citiem nosac\u012bjumiem var atrast sada\u013c\u0101 \u201cLieto\u0161anas noteikumi\u201d<\/b><b>.<\/b><\/p>\t\t\t\t\t\t<\/div>\n\t\t\t\t<\/div>\n\t\t<div class=\"elementor-element elementor-element-15dc4df e-flex e-con-boxed wpr-particle-no wpr-jarallax-no wpr-parallax-no wpr-sticky-section-no e-con e-child\" data-id=\"15dc4df\" data-element_type=\"container\" data-settings=\"{&quot;background_background&quot;:&quot;classic&quot;}\">\n\t\t\t\t\t<div class=\"e-con-inner\">\n\t\t\t\t<div class=\"elementor-element elementor-element-244abaa elementor-widget elementor-widget-spacer\" data-id=\"244abaa\" data-element_type=\"widget\" data-widget_type=\"spacer.default\">\n\t\t\t\t<div class=\"elementor-widget-container\">\n\t\t\t\t\t<div class=\"elementor-spacer\">\n\t\t\t<div class=\"elementor-spacer-inner\"><\/div>\n\t\t<\/div>\n\t\t\t\t<\/div>\n\t\t\t\t<\/div>\n\t\t\t\t\t<\/div>\n\t\t\t\t<\/div>\n\t\t\t\t\t<\/div>\n\t\t\t\t<\/div>\n\t\t\t\t<\/div>","protected":false},"excerpt":{"rendered":"<p>ATRUNA Visa inform\u0101cija \u0161aj\u0101 t\u012bmek\u013ca vietn\u0113 ir public\u0113ta labpr\u0101t\u012bgi un paredz\u0113ta tikai visp\u0101r\u012bgas inform\u0101cijas lieto\u0161anas nol\u016bk\u0101. Klubs \u201cM\u0101ja\u201d izstr\u0101d\u0101t\u0101s m\u0101jaslapas klubsmaja.lv, kursi.klubsmaja.lv un pay.klubsmaja.lv nesniedz nek\u0101das garantijas par \u0161\u012bs inform\u0101cijas piln\u012bgumu, uzticam\u012bbu un precizit\u0101ti. Jebkura darb\u012bba, ko j\u016bs veicat, pamatojoties uz \u0161aj\u0101 t\u012bmek\u013ca vietn\u0113 atrodamo inform\u0101ciju, ir tikai un vien\u012bgi uz j\u016bsu pa\u0161a risku. Klubs \u201cM\u0101ja\u201d neb\u016bs atbild\u012bgs par jebk\u0101diem zaud\u0113jumiem un\/vai kait\u0113jumu saist\u012bb\u0101 ar m\u016bsu t\u012bmek\u013ca vietnes izmanto\u0161anu un taj\u0101 sa\u0146emto saturu. No m\u016bsu t\u012bmek\u013ca vietnes j\u016bs varat apmekl\u0113t citas t\u012bmek\u013ca vietnes, izmantojot hipersaites uz \u0161\u0101d\u0101m \u0101r\u0113j\u0101m vietn\u0113m. Lai gan m\u0113s cen\u0161amies nodro\u0161in\u0101t piek\u013cuvi tikai dro\u0161am un patiesam saturam, \u0161\u012bs saites uz cit\u0101m t\u012bmek\u013ca vietn\u0113m nenoz\u012bm\u0113, ka tiek rekomend\u0113ts viss \u0161aj\u0101s vietn\u0113s atrodamais saturs. Viet\u0146u \u012bpa\u0161nieki un saturs var main\u012bties bez iepriek\u0161\u0113ja br\u012bdin\u0101juma, un tas var notikt, pirms mums ir iesp\u0113ja dz\u0113st saiti, kas, iesp\u0113jams, ir k\u013cuvusi \u201cneuzticama\u201d. L\u016bdzu, \u0146emiet v\u0113r\u0101 ar\u012b to, ka, atst\u0101jot m\u016bsu vietni, cit\u0101s vietn\u0113s var b\u016bt at\u0161\u0137ir\u012bgas priv\u0101tuma politikas un noteikumi, kas ir \u0101rpus m\u016bsu kontroles. Pirms iesaist\u012b\u0161an\u0101s jebk\u0101dos dar\u012bjumos vai inform\u0101cijas ievad\u012b\u0161an\u0101 noteikti p\u0101rbaudiet \u0161o viet\u0146u priv\u0101tuma politiku, k\u0101 ar\u012b to \u201cPakalpojumu snieg\u0161anas noteikumus\u201d. PIEKRI\u0160ANAIzmantojot m\u016bsu vietni, j\u016bs piekr\u012btat m\u016bsu atrunai un piekr\u012btat t\u0101s noteikumiem. PAPILDUS INFORM\u0100CIJAJa jums nepiecie\u0161ama papildu inform\u0101cija vai rodas jaut\u0101jumi par m\u016bsu vietnes atrunu, l\u016bdzu, sazinieties ar mums pa e-pastu birojs@klubsmaja.lv Citiem nosac\u012bjumiem var atrast sada\u013c\u0101 \u201cLieto\u0161anas noteikumi\u201d.<\/p>","protected":false},"author":1,"featured_media":0,"parent":0,"menu_order":0,"comment_status":"closed","ping_status":"closed","template":"","meta":{"om_disable_all_campaigns":false,"_uf_show_specific_survey":0,"_uf_disable_surveys":false,"footnotes":""},"class_list":["post-4684","page","type-page","status-publish","hentry"],"aioseo_notices":[],"_links":{"self":[{"href":"https:\/\/klubsmaja.lv\/en\/wp-json\/wp\/v2\/pages\/4684"}],"collection":[{"href":"https:\/\/klubsmaja.lv\/en\/wp-json\/wp\/v2\/pages"}],"about":[{"href":"https:\/\/klubsmaja.lv\/en\/wp-json\/wp\/v2\/types\/page"}],"author":[{"embeddable":true,"href":"https:\/\/klubsmaja.lv\/en\/wp-json\/wp\/v2\/users\/1"}],"replies":[{"embeddable":true,"href":"https:\/\/klubsmaja.lv\/en\/wp-json\/wp\/v2\/comments?post=4684"}],"version-history":[{"count":11,"href":"https:\/\/klubsmaja.lv\/en\/wp-json\/wp\/v2\/pages\/4684\/revisions"}],"predecessor-version":[{"id":5680,"href":"https:\/\/klubsmaja.lv\/en\/wp-json\/wp\/v2\/pages\/4684\/revisions\/5680"}],"wp:attachment":[{"href":"https:\/\/klubsmaja.lv\/en\/wp-json\/wp\/v2\/media?parent=4684"}],"curies":[{"name":"wp","href":"https:\/\/api.w.org\/{rel}","templated":true}]}}