{"id":6529,"date":"2025-06-27T17:30:05","date_gmt":"2025-06-27T17:30:05","guid":{"rendered":"https:\/\/klubsmaja.lv\/?page_id=6529"},"modified":"2026-02-25T12:51:50","modified_gmt":"2026-02-25T12:51:50","slug":"pievienojies","status":"publish","type":"page","link":"https:\/\/klubsmaja.lv\/en\/pievienojies\/","title":{"rendered":"NEW | PIEVIENOJIES"},"content":{"rendered":"<div data-elementor-type=\"wp-page\" data-elementor-id=\"6529\" class=\"elementor elementor-6529\">\n\t\t\t\t<div class=\"elementor-element elementor-element-fb91e35 e-flex e-con-boxed wpr-particle-no wpr-jarallax-no wpr-parallax-no wpr-sticky-section-no e-con e-parent\" data-id=\"fb91e35\" data-element_type=\"container\" data-settings=\"{&quot;background_background&quot;:&quot;classic&quot;}\">\n\t\t\t\t\t<div class=\"e-con-inner\">\n\t\t\t\t<div class=\"elementor-element elementor-element-3f9c61e elementor-widget elementor-widget-heading\" data-id=\"3f9c61e\" data-element_type=\"widget\" data-widget_type=\"heading.default\">\n\t\t\t\t<div class=\"elementor-widget-container\">\n\t\t\t<h2 class=\"elementor-heading-title elementor-size-default\">BECOME A MEMBER<\/h2>\t\t<\/div>\n\t\t\t\t<\/div>\n\t\t\t\t<div class=\"elementor-element elementor-element-e47d204 elementor-widget elementor-widget-text-editor\" data-id=\"e47d204\" data-element_type=\"widget\" data-widget_type=\"text-editor.default\">\n\t\t\t\t<div class=\"elementor-widget-container\">\n\t\t\t\t\t\t\t<p>Join youth-led units and create positive change in society! Once you fill in the form, you will receive a confirmation email and someone from the team will be in touch with you within the next week! We will provide training and mentoring so you can invest your free time in developing yourself and your community!<\/p>\t\t\t\t\t\t<\/div>\n\t\t\t\t<\/div>\n\t\t<div class=\"elementor-element elementor-element-20d8738 e-grid e-con-boxed wpr-particle-no wpr-jarallax-no wpr-parallax-no wpr-sticky-section-no e-con e-child\" data-id=\"20d8738\" data-element_type=\"container\">\n\t\t\t\t\t<div class=\"e-con-inner\">\n\t\t\t\t<div class=\"elementor-element elementor-element-ba74e8c elementor-align-center elementor-widget elementor-widget-elementskit-button\" data-id=\"ba74e8c\" data-element_type=\"widget\" data-widget_type=\"elementskit-button.default\">\n\t\t\t\t<div class=\"elementor-widget-container\">\n\t\t\t<div class=\"ekit-wid-con\" >\t\t<div class=\"ekit-btn-wraper\">\n\t\t\t\t\t\t\t<a href=\"https:\/\/klubsmaja.lv\/en\/iespejas\/\" target=\"_blank\" class=\"elementskit-btn  whitespace--normal\" id=\"\">\n\t\t\t\t\tUNIT DESCRIPTIONS\t\t\t\t<\/a>\n\t\t\t\t\t<\/div>\n        <\/div>\t\t<\/div>\n\t\t\t\t<\/div>\n\t\t\t\t<div class=\"elementor-element elementor-element-2e5f6a0 elementor-align-center elementor-widget elementor-widget-elementskit-button\" data-id=\"2e5f6a0\" data-element_type=\"widget\" data-widget_type=\"elementskit-button.default\">\n\t\t\t\t<div class=\"elementor-widget-container\">\n\t\t\t<div class=\"ekit-wid-con\" >\t\t<div class=\"ekit-btn-wraper\">\n\t\t\t\t\t\t\t<a href=\"https:\/\/atrodi.klubsmaja.lv\" target=\"_blank\" class=\"elementskit-btn  whitespace--normal\" id=\"\">\n\t\t\t\t\tVIEN\u012aBU \u0160\u0136IROTAVA\t\t\t\t<\/a>\n\t\t\t\t\t<\/div>\n        <\/div>\t\t<\/div>\n\t\t\t\t<\/div>\n\t\t\t\t\t<\/div>\n\t\t\t\t<\/div>\n\t\t\t\t\t<\/div>\n\t\t\t\t<\/div>\n\t\t<div class=\"elementor-element elementor-element-2a64d42 e-flex e-con-boxed wpr-particle-no wpr-jarallax-no wpr-parallax-no wpr-sticky-section-no e-con e-parent\" data-id=\"2a64d42\" data-element_type=\"container\" data-settings=\"{&quot;background_background&quot;:&quot;classic&quot;}\">\n\t\t\t\t\t<div class=\"e-con-inner\">\n\t\t\t\t<div class=\"elementor-element elementor-element-255c7d8 elementor-widget elementor-widget-shortcode\" data-id=\"255c7d8\" data-element_type=\"widget\" data-widget_type=\"shortcode.default\">\n\t\t\t\t<div class=\"elementor-widget-container\">\n\t\t\t\t\t<div class=\"elementor-shortcode\"><form id=\"forminator-module-6527\" class=\"forminator-custom-form forminator-custom-form-6527\" method=\"post\" data-forminator-render=\"0\" data-uid=\"69de72356cfd8\" action=\"\"><div role=\"alert\" aria-live=\"polite\" class=\"forminator-response-message forminator-error\" aria-hidden=\"true\"><\/div><input type=\"hidden\" name=\"trp-form-language\" value=\"en\"\/><\/form><\/div>\n\t\t\t\t<\/div>\n\t\t\t\t<\/div>\n\t\t\t\t<div class=\"elementor-element elementor-element-fa8bfd2 elementor-widget elementor-widget-spacer\" data-id=\"fa8bfd2\" data-element_type=\"widget\" data-widget_type=\"spacer.default\">\n\t\t\t\t<div class=\"elementor-widget-container\">\n\t\t\t\t\t<div class=\"elementor-spacer\">\n\t\t\t<div class=\"elementor-spacer-inner\"><\/div>\n\t\t<\/div>\n\t\t\t\t<\/div>\n\t\t\t\t<\/div>\n\t\t\t\t\t<\/div>\n\t\t\t\t<\/div>\n\t\t\t\t<\/div>","protected":false},"excerpt":{"rendered":"<p>K\u013b\u016aSTI PAR BIEDRU Pievienojies jaunie\u0161u vad\u012bt\u0101m vien\u012bb\u0101m un veido pozit\u012bvas p\u0101rmai\u0146as sabiedr\u012bb\u0101! Tikl\u012bdz aizpild\u012bsi anketu, Tev atn\u0101ks apstiprin\u0101juma e-pasts un tuv\u0101k\u0101s ned\u0113\u013cas laik\u0101 k\u0101ds no komandas ar Tevi tiks kontakt\u0101! M\u0113s nodro\u0161in\u0101sim apm\u0101c\u012bbas un mentoringu, lai Tu savu br\u012bvo laiku var\u0113tu ieguld\u012bt sevis un sabiedr\u012bbas att\u012bst\u012b\u0161an\u0101! VIEN\u012aBU APRAKSTI VIEN\u012aBU \u0160\u0136IROTAVA<\/p>","protected":false},"author":1,"featured_media":0,"parent":0,"menu_order":0,"comment_status":"closed","ping_status":"closed","template":"","meta":{"om_disable_all_campaigns":false,"_uf_show_specific_survey":0,"_uf_disable_surveys":false,"footnotes":""},"class_list":["post-6529","page","type-page","status-publish","hentry"],"aioseo_notices":[],"_links":{"self":[{"href":"https:\/\/klubsmaja.lv\/en\/wp-json\/wp\/v2\/pages\/6529"}],"collection":[{"href":"https:\/\/klubsmaja.lv\/en\/wp-json\/wp\/v2\/pages"}],"about":[{"href":"https:\/\/klubsmaja.lv\/en\/wp-json\/wp\/v2\/types\/page"}],"author":[{"embeddable":true,"href":"https:\/\/klubsmaja.lv\/en\/wp-json\/wp\/v2\/users\/1"}],"replies":[{"embeddable":true,"href":"https:\/\/klubsmaja.lv\/en\/wp-json\/wp\/v2\/comments?post=6529"}],"version-history":[{"count":7,"href":"https:\/\/klubsmaja.lv\/en\/wp-json\/wp\/v2\/pages\/6529\/revisions"}],"predecessor-version":[{"id":7185,"href":"https:\/\/klubsmaja.lv\/en\/wp-json\/wp\/v2\/pages\/6529\/revisions\/7185"}],"wp:attachment":[{"href":"https:\/\/klubsmaja.lv\/en\/wp-json\/wp\/v2\/media?parent=6529"}],"curies":[{"name":"wp","href":"https:\/\/api.w.org\/{rel}","templated":true}]}}