{"id":6862,"date":"2025-11-07T18:26:57","date_gmt":"2025-11-07T18:26:57","guid":{"rendered":"https:\/\/klubsmaja.lv\/?page_id=6862"},"modified":"2025-11-07T18:29:24","modified_gmt":"2025-11-07T18:29:24","slug":"atjauno-datus","status":"publish","type":"page","link":"https:\/\/klubsmaja.lv\/en\/atjauno-datus\/","title":{"rendered":"ATJAUNO DATUS"},"content":{"rendered":"<div data-elementor-type=\"wp-page\" data-elementor-id=\"6862\" class=\"elementor elementor-6862\">\n\t\t\t\t<div class=\"elementor-element elementor-element-fb91e35 e-flex e-con-boxed wpr-particle-no wpr-jarallax-no wpr-parallax-no wpr-sticky-section-no e-con e-parent\" data-id=\"fb91e35\" data-element_type=\"container\" data-settings=\"{&quot;background_background&quot;:&quot;classic&quot;}\">\n\t\t\t\t\t<div class=\"e-con-inner\">\n\t\t\t\t<div class=\"elementor-element elementor-element-3f9c61e elementor-widget elementor-widget-heading\" data-id=\"3f9c61e\" data-element_type=\"widget\" data-widget_type=\"heading.default\">\n\t\t\t\t<div class=\"elementor-widget-container\">\n\t\t\t<h2 class=\"elementor-heading-title elementor-size-default\">ATJAUNO DATUS<\/h2>\t\t<\/div>\n\t\t\t\t<\/div>\n\t\t\t\t<div class=\"elementor-element elementor-element-e47d204 elementor-widget elementor-widget-text-editor\" data-id=\"e47d204\" data-element_type=\"widget\" data-widget_type=\"text-editor.default\">\n\t\t\t\t<div class=\"elementor-widget-container\">\n\t\t\t\t\t\t\t<p>Ja sa\u0146\u0113mi \u0161o e-pastu, tas noz\u012bm\u0113, ka esi akt\u012bvs vien\u012bbas biedrs organiz\u0101cij\u0101 un neesi jau gadu atjaunojis savus datus. L\u016bgums zem\u0101k ievadi kodu ko sa\u0146\u0113mi sav\u0101 e-past\u0101 un e-pastu uz kuru tu sa\u0146\u0113mi \u0161o kodu.<\/p>\t\t\t\t\t\t<\/div>\n\t\t\t\t<\/div>\n\t\t\t\t\t<\/div>\n\t\t\t\t<\/div>\n\t\t<div class=\"elementor-element elementor-element-2a64d42 e-flex e-con-boxed wpr-particle-no wpr-jarallax-no wpr-parallax-no wpr-sticky-section-no e-con e-parent\" data-id=\"2a64d42\" data-element_type=\"container\" data-settings=\"{&quot;background_background&quot;:&quot;classic&quot;}\">\n\t\t\t\t\t<div class=\"e-con-inner\">\n\t\t\t\t<div class=\"elementor-element elementor-element-255c7d8 elementor-widget elementor-widget-shortcode\" data-id=\"255c7d8\" data-element_type=\"widget\" data-widget_type=\"shortcode.default\">\n\t\t\t\t<div class=\"elementor-widget-container\">\n\t\t\t\t\t<div class=\"elementor-shortcode\"><form id=\"forminator-module-6861\" class=\"forminator-custom-form forminator-custom-form-6861\" method=\"post\" data-forminator-render=\"0\" data-uid=\"69e0ea13bfbd4\" action=\"\"><div role=\"alert\" aria-live=\"polite\" class=\"forminator-response-message forminator-error\" aria-hidden=\"true\"><\/div><input type=\"hidden\" name=\"trp-form-language\" value=\"en\"\/><\/form><\/div>\n\t\t\t\t<\/div>\n\t\t\t\t<\/div>\n\t\t\t\t<div class=\"elementor-element elementor-element-fa8bfd2 elementor-widget elementor-widget-spacer\" data-id=\"fa8bfd2\" data-element_type=\"widget\" data-widget_type=\"spacer.default\">\n\t\t\t\t<div class=\"elementor-widget-container\">\n\t\t\t\t\t<div class=\"elementor-spacer\">\n\t\t\t<div class=\"elementor-spacer-inner\"><\/div>\n\t\t<\/div>\n\t\t\t\t<\/div>\n\t\t\t\t<\/div>\n\t\t\t\t\t<\/div>\n\t\t\t\t<\/div>\n\t\t\t\t<\/div>","protected":false},"excerpt":{"rendered":"<p>ATJAUNO DATUS Ja sa\u0146\u0113mi \u0161o e-pastu, tas noz\u012bm\u0113, ka esi akt\u012bvs vien\u012bbas biedrs organiz\u0101cij\u0101 un neesi jau gadu atjaunojis savus datus. L\u016bgums zem\u0101k ievadi kodu ko sa\u0146\u0113mi sav\u0101 e-past\u0101 un e-pastu uz kuru tu sa\u0146\u0113mi \u0161o kodu.<\/p>","protected":false},"author":1,"featured_media":0,"parent":0,"menu_order":0,"comment_status":"closed","ping_status":"closed","template":"","meta":{"om_disable_all_campaigns":false,"_uf_show_specific_survey":0,"_uf_disable_surveys":false,"footnotes":""},"class_list":["post-6862","page","type-page","status-publish","hentry"],"aioseo_notices":[],"_links":{"self":[{"href":"https:\/\/klubsmaja.lv\/en\/wp-json\/wp\/v2\/pages\/6862"}],"collection":[{"href":"https:\/\/klubsmaja.lv\/en\/wp-json\/wp\/v2\/pages"}],"about":[{"href":"https:\/\/klubsmaja.lv\/en\/wp-json\/wp\/v2\/types\/page"}],"author":[{"embeddable":true,"href":"https:\/\/klubsmaja.lv\/en\/wp-json\/wp\/v2\/users\/1"}],"replies":[{"embeddable":true,"href":"https:\/\/klubsmaja.lv\/en\/wp-json\/wp\/v2\/comments?post=6862"}],"version-history":[{"count":7,"href":"https:\/\/klubsmaja.lv\/en\/wp-json\/wp\/v2\/pages\/6862\/revisions"}],"predecessor-version":[{"id":6869,"href":"https:\/\/klubsmaja.lv\/en\/wp-json\/wp\/v2\/pages\/6862\/revisions\/6869"}],"wp:attachment":[{"href":"https:\/\/klubsmaja.lv\/en\/wp-json\/wp\/v2\/media?parent=6862"}],"curies":[{"name":"wp","href":"https:\/\/api.w.org\/{rel}","templated":true}]}}