{"id":7196,"date":"2026-03-05T16:22:18","date_gmt":"2026-03-05T16:22:18","guid":{"rendered":"https:\/\/klubsmaja.lv\/?page_id=7196"},"modified":"2026-03-05T17:50:48","modified_gmt":"2026-03-05T17:50:48","slug":"trauskmes-celsana","status":"publish","type":"page","link":"https:\/\/klubsmaja.lv\/en\/trauskmes-celsana\/","title":{"rendered":"TRAUSKMES CEL\u0160ANA"},"content":{"rendered":"<div data-elementor-type=\"wp-page\" data-elementor-id=\"7196\" class=\"elementor elementor-7196\">\n\t\t\t\t<div class=\"elementor-element elementor-element-fb91e35 e-flex e-con-boxed wpr-particle-no wpr-jarallax-no wpr-parallax-no wpr-sticky-section-no e-con e-parent\" data-id=\"fb91e35\" data-element_type=\"container\" data-settings=\"{&quot;background_background&quot;:&quot;classic&quot;}\">\n\t\t\t\t\t<div class=\"e-con-inner\">\n\t\t\t\t<div class=\"elementor-element elementor-element-3f9c61e elementor-widget elementor-widget-heading\" data-id=\"3f9c61e\" data-element_type=\"widget\" data-widget_type=\"heading.default\">\n\t\t\t\t<div class=\"elementor-widget-container\">\n\t\t\t<h2 class=\"elementor-heading-title elementor-size-default\">CEL TRAUKSMI!<\/h2>\t\t<\/div>\n\t\t\t\t<\/div>\n\t\t\t\t<div class=\"elementor-element elementor-element-e47d204 elementor-widget elementor-widget-text-editor\" data-id=\"e47d204\" data-element_type=\"widget\" data-widget_type=\"text-editor.default\">\n\t\t\t\t<div class=\"elementor-widget-container\">\n\t\t\t\t\t\t\t<p>Ja ir radies pamats uzskat\u012bt, ka biedr\u012bbas Klubs &#8220;M\u0101ja&#8221; br\u012bvpr\u0101t\u012bgo, darbinieku vai valdes p\u0101rst\u0101vju r\u012bc\u012bba neatbilst organiz\u0101cijas v\u0113rt\u012bb\u0101m, \u0113tikas principiem vai profesion\u0101lajiem standartiem, aicin\u0101m j\u016bs par to inform\u0113t \u0113tikas komisiju aizpildot zem\u0101k redzamo anketu vai ar\u012b rakstot etikaskomisija@klubsmaja.lv.<\/p>\t\t\t\t\t\t<\/div>\n\t\t\t\t<\/div>\n\t\t\t\t<div class=\"elementor-element elementor-element-923cdb8 elementor-align-center elementor-widget elementor-widget-button\" data-id=\"923cdb8\" data-element_type=\"widget\" data-widget_type=\"button.default\">\n\t\t\t\t<div class=\"elementor-widget-container\">\n\t\t\t\t\t\t\t<div class=\"elementor-button-wrapper\">\n\t\t\t\t\t<a class=\"elementor-button elementor-button-link elementor-size-sm\" href=\"https:\/\/klubsmaja.lv\/wp-content\/uploads\/2026\/03\/ETIKAS-KODEKSS.pdf\" target=\"_blank\">\n\t\t\t\t\t\t<span class=\"elementor-button-content-wrapper\">\n\t\t\t\t\t\t\t\t\t<span class=\"elementor-button-text\">\u0112TIKAS KODEKSS<\/span>\n\t\t\t\t\t<\/span>\n\t\t\t\t\t<\/a>\n\t\t\t\t<\/div>\n\t\t\t\t\t\t<\/div>\n\t\t\t\t<\/div>\n\t\t\t\t\t<\/div>\n\t\t\t\t<\/div>\n\t\t<div class=\"elementor-element elementor-element-2a64d42 e-flex e-con-boxed wpr-particle-no wpr-jarallax-no wpr-parallax-no wpr-sticky-section-no e-con e-parent\" data-id=\"2a64d42\" data-element_type=\"container\" data-settings=\"{&quot;background_background&quot;:&quot;classic&quot;}\">\n\t\t\t\t\t<div class=\"e-con-inner\">\n\t\t\t\t<div class=\"elementor-element elementor-element-255c7d8 elementor-widget elementor-widget-shortcode\" data-id=\"255c7d8\" data-element_type=\"widget\" data-widget_type=\"shortcode.default\">\n\t\t\t\t<div class=\"elementor-widget-container\">\n\t\t\t\t\t<div class=\"elementor-shortcode\"><div class=\"forminator-ui forminator-custom-form forminator-custom-form-7201 forminator-design--default  forminator_ajax\" data-forminator-render=\"0\" data-form=\"forminator-module-7201\" data-uid=\"69e00773b58a1\"><br\/><\/div><form\n\t\t\t\tid=\"forminator-module-7201\"\n\t\t\t\tclass=\"forminator-ui forminator-custom-form forminator-custom-form-7201 forminator-design--default  forminator_ajax\"\n\t\t\t\tmethod=\"post\"\n\t\t\t\tdata-forminator-render=\"0\"\n\t\t\t\tdata-form-id=\"7201\"\n\t\t\t\t\n\t\t\t\tdata-design=\"default\"\n\t\t\t\t\n\t\t\t\t\n\t\t\t\t\n\t\t\t\tdata-grid=\"open\"\n\t\t\t\t\n\t\t\t\t\n\t\t\t\tstyle=\"display: none;\"\n\t\t\t\t\n\t\t\t\tdata-uid=\"69e00773b58a1\" action=\"\"\n\t\t\t><div role=\"alert\" aria-live=\"polite\" class=\"forminator-response-message forminator-error\" aria-hidden=\"true\"><\/div><div class=\"forminator-row\"><div id=\"textarea-1\" class=\"forminator-field-textarea forminator-col forminator-col-12\"><div class=\"forminator-field\"><label for=\"forminator-field-textarea-1_69e00773b58a1\" id=\"forminator-field-textarea-1_69e00773b58a1-label\" class=\"forminator-label\">Teksts <span class=\"forminator-required\">*<\/span><\/label><textarea name=\"textarea-1\" placeholder=\"Ievadi zi\u0146ojumu vai s\u016bdz\u012bbu\" id=\"forminator-field-textarea-1_69e00773b58a1\" class=\"forminator-textarea\" rows=\"6\" style=\"min-height:140px;\" ><\/textarea><\/div><\/div><\/div><div class=\"forminator-row\"><div id=\"text-1\" class=\"forminator-field-text forminator-col forminator-col-12\"><div class=\"forminator-field\"><label for=\"forminator-field-text-1_69e00773b58a1\" id=\"forminator-field-text-1_69e00773b58a1-label\" class=\"forminator-label\">V\u0101rds, Uzv\u0101rds vai anon\u012bms<\/label><input type=\"text\" name=\"text-1\" value=\"\" placeholder=\"\" id=\"forminator-field-text-1_69e00773b58a1\" class=\"forminator-input forminator-name--field\" data-required=\"\" \/><\/div><\/div><\/div><div class=\"forminator-row\"><div id=\"captcha-1\" class=\"forminator-field-captcha forminator-col forminator-col-12\"><div class=\"forminator-captcha-center forminator-g-recaptcha\" data-theme=\"light\"  data-sitekey=\"6Lf_sHArAAAAAEBSUK1nUBNSxR2mjrFPZMzO7Ip-\" data-size=\"normal\"><\/div> <\/div><\/div><input type=\"hidden\" name=\"referer_url\" value=\"\" \/><div class=\"forminator-row forminator-row-last\"><div class=\"forminator-col\"><div class=\"forminator-field\"><button class=\"forminator-button forminator-button-submit\">APPLY<\/button><\/div><\/div><\/div><input type=\"hidden\" id=\"forminator_nonce\" name=\"forminator_nonce\" value=\"ca8428aa68\" \/><input type=\"hidden\" name=\"_wp_http_referer\" value=\"\/en\/wp-json\/wp\/v2\/pages\/7196\" \/><input type=\"hidden\" name=\"form_id\" value=\"7201\"><input type=\"hidden\" name=\"page_id\" value=\"7196\"><input type=\"hidden\" name=\"form_type\" value=\"default\"><input type=\"hidden\" name=\"current_url\" value=\"https:\/\/klubsmaja.lv\/en\/trauskmes-celsana\/\"><input type=\"hidden\" name=\"render_id\" value=\"0\"><input type=\"hidden\" name=\"action\" value=\"forminator_submit_form_custom-forms\"><input type=\"hidden\" name=\"trp-form-language\" value=\"en\"\/><\/form><\/div>\n\t\t\t\t<\/div>\n\t\t\t\t<\/div>\n\t\t\t\t<div class=\"elementor-element elementor-element-fa8bfd2 elementor-widget elementor-widget-spacer\" data-id=\"fa8bfd2\" data-element_type=\"widget\" data-widget_type=\"spacer.default\">\n\t\t\t\t<div class=\"elementor-widget-container\">\n\t\t\t\t\t<div class=\"elementor-spacer\">\n\t\t\t<div class=\"elementor-spacer-inner\"><\/div>\n\t\t<\/div>\n\t\t\t\t<\/div>\n\t\t\t\t<\/div>\n\t\t\t\t\t<\/div>\n\t\t\t\t<\/div>\n\t\t\t\t<\/div>","protected":false},"excerpt":{"rendered":"<p>CEL TRAUKSMI! Ja ir radies pamats uzskat\u012bt, ka biedr\u012bbas Klubs &#8220;M\u0101ja&#8221; br\u012bvpr\u0101t\u012bgo, darbinieku vai valdes p\u0101rst\u0101vju r\u012bc\u012bba neatbilst organiz\u0101cijas v\u0113rt\u012bb\u0101m, \u0113tikas principiem vai profesion\u0101lajiem standartiem, aicin\u0101m j\u016bs par to inform\u0113t \u0113tikas komisiju aizpildot zem\u0101k redzamo anketu vai ar\u012b rakstot etikaskomisija@klubsmaja.lv. \u0112TIKAS KODEKSS<\/p>","protected":false},"author":1,"featured_media":0,"parent":0,"menu_order":0,"comment_status":"closed","ping_status":"closed","template":"","meta":{"om_disable_all_campaigns":false,"_uf_show_specific_survey":0,"_uf_disable_surveys":false,"footnotes":""},"class_list":["post-7196","page","type-page","status-publish","hentry"],"aioseo_notices":[],"_links":{"self":[{"href":"https:\/\/klubsmaja.lv\/en\/wp-json\/wp\/v2\/pages\/7196"}],"collection":[{"href":"https:\/\/klubsmaja.lv\/en\/wp-json\/wp\/v2\/pages"}],"about":[{"href":"https:\/\/klubsmaja.lv\/en\/wp-json\/wp\/v2\/types\/page"}],"author":[{"embeddable":true,"href":"https:\/\/klubsmaja.lv\/en\/wp-json\/wp\/v2\/users\/1"}],"replies":[{"embeddable":true,"href":"https:\/\/klubsmaja.lv\/en\/wp-json\/wp\/v2\/comments?post=7196"}],"version-history":[{"count":16,"href":"https:\/\/klubsmaja.lv\/en\/wp-json\/wp\/v2\/pages\/7196\/revisions"}],"predecessor-version":[{"id":7227,"href":"https:\/\/klubsmaja.lv\/en\/wp-json\/wp\/v2\/pages\/7196\/revisions\/7227"}],"wp:attachment":[{"href":"https:\/\/klubsmaja.lv\/en\/wp-json\/wp\/v2\/media?parent=7196"}],"curies":[{"name":"wp","href":"https:\/\/api.w.org\/{rel}","templated":true}]}}