{"id":7212,"date":"2026-03-05T17:18:46","date_gmt":"2026-03-05T17:18:46","guid":{"rendered":"https:\/\/klubsmaja.lv\/?page_id=7212"},"modified":"2026-03-05T17:19:52","modified_gmt":"2026-03-05T17:19:52","slug":"sanemta-trauksme","status":"publish","type":"page","link":"https:\/\/klubsmaja.lv\/en\/sanemta-trauksme\/","title":{"rendered":"Iesniegta trauksme"},"content":{"rendered":"<div data-elementor-type=\"wp-page\" data-elementor-id=\"7212\" class=\"elementor elementor-7212\">\n\t\t\t\t<div class=\"elementor-element elementor-element-d83a957 e-flex e-con-boxed wpr-particle-no wpr-jarallax-no wpr-parallax-no wpr-sticky-section-no e-con e-parent\" data-id=\"d83a957\" data-element_type=\"container\" data-settings=\"{&quot;background_background&quot;:&quot;classic&quot;}\">\n\t\t\t\t\t<div class=\"e-con-inner\">\n\t\t\t\t<div class=\"elementor-element elementor-element-2ad11e0 elementor-widget elementor-widget-heading\" data-id=\"2ad11e0\" data-element_type=\"widget\" data-widget_type=\"heading.default\">\n\t\t\t\t<div class=\"elementor-widget-container\">\n\t\t\t<h2 class=\"elementor-heading-title elementor-size-default\">RECEIVED<\/h2>\t\t<\/div>\n\t\t\t\t<\/div>\n\t\t\t\t<div class=\"elementor-element elementor-element-97ff809 elementor-widget elementor-widget-text-editor\" data-id=\"97ff809\" data-element_type=\"widget\" data-widget_type=\"text-editor.default\">\n\t\t\t\t<div class=\"elementor-widget-container\">\n\t\t\t\t\t\t\t<p>Paldies, esam sa\u0146\u0113mu\u0161i tavu trauksmes zi\u0146ojumu! Ja nor\u0101d\u012bji kontaktinform\u0101ciju, \u0113tikas komisija ar tevi sazin\u0101sies!<\/p>\t\t\t\t\t\t<\/div>\n\t\t\t\t<\/div>\n\t\t<div class=\"elementor-element elementor-element-31a6f08 e-grid e-con-boxed wpr-particle-no wpr-jarallax-no wpr-parallax-no wpr-sticky-section-no e-con e-child\" data-id=\"31a6f08\" data-element_type=\"container\">\n\t\t\t\t\t<div class=\"e-con-inner\">\n\t\t\t\t<div class=\"elementor-element elementor-element-fe3f5d8 elementor-align-center elementor-widget elementor-widget-elementskit-button\" data-id=\"fe3f5d8\" data-element_type=\"widget\" data-widget_type=\"elementskit-button.default\">\n\t\t\t\t<div class=\"elementor-widget-container\">\n\t\t\t<div class=\"ekit-wid-con\" >\t\t<div class=\"ekit-btn-wraper\">\n\t\t\t\t\t\t\t<a href=\"http:\/\/klubsmaja.lv\/en\/\" class=\"elementskit-btn  whitespace--normal\" id=\"\">\n\t\t\t\t\tHOMEPAGE\t\t\t\t<\/a>\n\t\t\t\t\t<\/div>\n        <\/div>\t\t<\/div>\n\t\t\t\t<\/div>\n\t\t\t\t\t<\/div>\n\t\t\t\t<\/div>\n\t\t\t\t\t<\/div>\n\t\t\t\t<\/div>\n\t\t\t\t<\/div>","protected":false},"excerpt":{"rendered":"<p>SA\u0145EMTS Paldies, esam sa\u0146\u0113mu\u0161i tavu trauksmes zi\u0146ojumu! Ja nor\u0101d\u012bji kontaktinform\u0101ciju, \u0113tikas komisija ar tevi sazin\u0101sies! S\u0100KUMLAPA<\/p>","protected":false},"author":1,"featured_media":0,"parent":0,"menu_order":0,"comment_status":"closed","ping_status":"closed","template":"","meta":{"om_disable_all_campaigns":false,"_uf_show_specific_survey":0,"_uf_disable_surveys":false,"footnotes":""},"class_list":["post-7212","page","type-page","status-publish","hentry"],"aioseo_notices":[],"_links":{"self":[{"href":"https:\/\/klubsmaja.lv\/en\/wp-json\/wp\/v2\/pages\/7212"}],"collection":[{"href":"https:\/\/klubsmaja.lv\/en\/wp-json\/wp\/v2\/pages"}],"about":[{"href":"https:\/\/klubsmaja.lv\/en\/wp-json\/wp\/v2\/types\/page"}],"author":[{"embeddable":true,"href":"https:\/\/klubsmaja.lv\/en\/wp-json\/wp\/v2\/users\/1"}],"replies":[{"embeddable":true,"href":"https:\/\/klubsmaja.lv\/en\/wp-json\/wp\/v2\/comments?post=7212"}],"version-history":[{"count":4,"href":"https:\/\/klubsmaja.lv\/en\/wp-json\/wp\/v2\/pages\/7212\/revisions"}],"predecessor-version":[{"id":7216,"href":"https:\/\/klubsmaja.lv\/en\/wp-json\/wp\/v2\/pages\/7212\/revisions\/7216"}],"wp:attachment":[{"href":"https:\/\/klubsmaja.lv\/en\/wp-json\/wp\/v2\/media?parent=7212"}],"curies":[{"name":"wp","href":"https:\/\/api.w.org\/{rel}","templated":true}]}}