{"id":860,"date":"2024-06-16T11:23:52","date_gmt":"2024-06-16T11:23:52","guid":{"rendered":"https:\/\/klubsmaja.lv\/?page_id=860"},"modified":"2024-07-06T12:24:27","modified_gmt":"2024-07-06T12:24:27","slug":"arhivs","status":"publish","type":"page","link":"https:\/\/klubsmaja.lv\/en\/arhivs\/","title":{"rendered":"Projektu arh\u012bvs"},"content":{"rendered":"<div data-elementor-type=\"wp-page\" data-elementor-id=\"860\" class=\"elementor elementor-860\">\n\t\t\t\t<div class=\"elementor-element elementor-element-deba017 e-flex e-con-boxed wpr-particle-no wpr-jarallax-no wpr-parallax-no wpr-sticky-section-no e-con e-parent\" data-id=\"deba017\" data-element_type=\"container\" data-settings=\"{&quot;background_background&quot;:&quot;classic&quot;}\">\n\t\t\t\t\t<div class=\"e-con-inner\">\n\t\t\t\t<div class=\"elementor-element elementor-element-1e32ecd elementor-widget elementor-widget-heading\" data-id=\"1e32ecd\" data-element_type=\"widget\" data-widget_type=\"heading.default\">\n\t\t\t\t<div class=\"elementor-widget-container\">\n\t\t\t<h2 class=\"elementor-heading-title elementor-size-default\">ARCHIVE<\/h2>\t\t<\/div>\n\t\t\t\t<\/div>\n\t\t\t\t<div class=\"elementor-element elementor-element-eee42e5 elementor-widget elementor-widget-text-editor\" data-id=\"eee42e5\" data-element_type=\"widget\" data-widget_type=\"text-editor.default\">\n\t\t\t\t<div class=\"elementor-widget-container\">\n\t\t\t\t\t\t\t<p>Here you can see some of the projects in the history of Club \"The House\"! Our projects cover a wide range of processes, which basically contribute to youth development, social inclusion and the creation of new processes.<\/p>\t\t\t\t\t\t<\/div>\n\t\t\t\t<\/div>\n\t\t\t\t<div class=\"elementor-element elementor-element-3b2c3f9 elementor-align-center elementor-widget elementor-widget-elementskit-button\" data-id=\"3b2c3f9\" data-element_type=\"widget\" data-widget_type=\"elementskit-button.default\">\n\t\t\t\t<div class=\"elementor-widget-container\">\n\t\t\t<div class=\"ekit-wid-con\" >\t\t<div class=\"ekit-btn-wraper\">\n\t\t\t\t\t\t\t<a href=\"#leja\" class=\"elementskit-btn  whitespace--normal\" id=\"\">\n\t\t\t\t\t<svg class=\"e-font-icon-svg e-fas-arrow-down\" viewbox=\"0 0 448 512\" xmlns=\"http:\/\/www.w3.org\/2000\/svg\"><path d=\"M413.1 222.5l22.2 22.2c9.4 9.4 9.4 24.6 0 33.9L241 473c-9.4 9.4-24.6 9.4-33.9 0L12.7 278.6c-9.4-9.4-9.4-24.6 0-33.9l22.2-22.2c9.5-9.5 25-9.3 34.3.4L184 343.4V56c0-13.3 10.7-24 24-24h32c13.3 0 24 10.7 24 24v287.4l114.8-120.5c9.3-9.8 24.8-10 34.3-.4z\"><\/path><\/svg>\t\t\t\t<\/a>\n\t\t\t\t\t<\/div>\n        <\/div>\t\t<\/div>\n\t\t\t\t<\/div>\n\t\t\t\t\t<\/div>\n\t\t\t\t<\/div>\n\t\t<div class=\"elementor-element elementor-element-caf2504 e-flex e-con-boxed wpr-particle-no wpr-jarallax-no wpr-parallax-no wpr-sticky-section-no e-con e-parent\" data-id=\"caf2504\" data-element_type=\"container\" data-settings=\"{&quot;background_background&quot;:&quot;classic&quot;}\">\n\t\t\t\t\t<div class=\"e-con-inner\">\n\t\t\t\t<div class=\"elementor-element elementor-element-3235a6d elementor-widget elementor-widget-spacer\" data-id=\"3235a6d\" data-element_type=\"widget\" data-widget_type=\"spacer.default\">\n\t\t\t\t<div class=\"elementor-widget-container\">\n\t\t\t\t\t<div class=\"elementor-spacer\">\n\t\t\t<div class=\"elementor-spacer-inner\"><\/div>\n\t\t<\/div>\n\t\t\t\t<\/div>\n\t\t\t\t<\/div>\n\t\t\t\t\t<\/div>\n\t\t\t\t<\/div>\n\t\t<div class=\"elementor-element elementor-element-c1e82e8 e-flex e-con-boxed wpr-particle-no wpr-jarallax-no wpr-parallax-no wpr-sticky-section-no e-con e-parent\" data-id=\"c1e82e8\" data-element_type=\"container\" id=\"leja\" data-settings=\"{&quot;background_background&quot;:&quot;classic&quot;}\">\n\t\t\t\t\t<div class=\"e-con-inner\">\n\t\t<div class=\"elementor-element elementor-element-27671d2 e-flex e-con-boxed wpr-particle-no wpr-jarallax-no wpr-parallax-no wpr-sticky-section-no e-con e-child\" data-id=\"27671d2\" data-element_type=\"container\" data-settings=\"{&quot;background_background&quot;:&quot;classic&quot;}\">\n\t\t\t\t\t<div class=\"e-con-inner\">\n\t\t<div class=\"elementor-element elementor-element-7f1427f e-grid e-con-boxed wpr-particle-no wpr-jarallax-no wpr-parallax-no wpr-sticky-section-no e-con e-child\" data-id=\"7f1427f\" data-element_type=\"container\">\n\t\t\t\t\t<div class=\"e-con-inner\">\n\t\t<div class=\"elementor-element elementor-element-fd0511b e-flex e-con-boxed wpr-particle-no wpr-jarallax-no wpr-parallax-no wpr-sticky-section-no e-con e-child\" data-id=\"fd0511b\" data-element_type=\"container\">\n\t\t\t\t\t<div class=\"e-con-inner\">\n\t\t\t\t<div class=\"elementor-element elementor-element-79faa11 elementor-hidden-tablet elementor-widget elementor-widget-image\" data-id=\"79faa11\" data-element_type=\"widget\" data-widget_type=\"image.default\">\n\t\t\t\t<div class=\"elementor-widget-container\">\n\t\t\t\t\t\t\t\t\t\t\t\t\t<img fetchpriority=\"high\" decoding=\"async\" width=\"2048\" height=\"1365\" src=\"https:\/\/klubsmaja.lv\/wp-content\/uploads\/2024\/06\/022E3A44-9B85-441F-9426-D1AEA8EF9677.webp\" class=\"attachment-full size-full wp-image-3138\" alt=\"\" srcset=\"https:\/\/klubsmaja.lv\/wp-content\/uploads\/2024\/06\/022E3A44-9B85-441F-9426-D1AEA8EF9677.webp 2048w, https:\/\/klubsmaja.lv\/wp-content\/uploads\/2024\/06\/022E3A44-9B85-441F-9426-D1AEA8EF9677-600x400.webp 600w, https:\/\/klubsmaja.lv\/wp-content\/uploads\/2024\/06\/022E3A44-9B85-441F-9426-D1AEA8EF9677-300x200.webp 300w, https:\/\/klubsmaja.lv\/wp-content\/uploads\/2024\/06\/022E3A44-9B85-441F-9426-D1AEA8EF9677-1024x683.webp 1024w, https:\/\/klubsmaja.lv\/wp-content\/uploads\/2024\/06\/022E3A44-9B85-441F-9426-D1AEA8EF9677-768x512.webp 768w, https:\/\/klubsmaja.lv\/wp-content\/uploads\/2024\/06\/022E3A44-9B85-441F-9426-D1AEA8EF9677-1536x1024.webp 1536w, https:\/\/klubsmaja.lv\/wp-content\/uploads\/2024\/06\/022E3A44-9B85-441F-9426-D1AEA8EF9677-18x12.webp 18w\" sizes=\"(max-width: 2048px) 100vw, 2048px\" \/>\t\t\t\t\t\t\t\t\t\t\t\t\t<\/div>\n\t\t\t\t<\/div>\n\t\t\t\t<div class=\"elementor-element elementor-element-765d406 elementor-hidden-desktop elementor-hidden-mobile elementor-widget elementor-widget-image\" data-id=\"765d406\" data-element_type=\"widget\" data-widget_type=\"image.default\">\n\t\t\t\t<div class=\"elementor-widget-container\">\n\t\t\t\t\t\t\t\t\t\t\t\t\t<img decoding=\"async\" src=\"https:\/\/klubsmaja.lv\/wp-content\/uploads\/elementor\/thumbs\/022E3A44-9B85-441F-9426-D1AEA8EF9677-qq8nxgummdc3dw8gflehrimqpk3rd356jggram05yg.webp\" title=\"022E3A44-9B85-441F-9426-D1AEA8EF9677\" alt=\"022E3A44-9B85-441F-9426-D1AEA8EF9677\" loading=\"lazy\" \/>\t\t\t\t\t\t\t\t\t\t\t\t\t<\/div>\n\t\t\t\t<\/div>\n\t\t\t\t\t<\/div>\n\t\t\t\t<\/div>\n\t\t<div class=\"elementor-element elementor-element-4a53357 e-flex e-con-boxed wpr-particle-no wpr-jarallax-no wpr-parallax-no wpr-sticky-section-no e-con e-child\" data-id=\"4a53357\" data-element_type=\"container\">\n\t\t\t\t\t<div class=\"e-con-inner\">\n\t\t\t\t<div class=\"elementor-element elementor-element-ba6010b elementor-widget elementor-widget-heading\" data-id=\"ba6010b\" data-element_type=\"widget\" data-widget_type=\"heading.default\">\n\t\t\t\t<div class=\"elementor-widget-container\">\n\t\t\t<h2 class=\"elementor-heading-title elementor-size-default\">UNDERSTAND, ENGAGE, DECIDE!<\/h2>\t\t<\/div>\n\t\t\t\t<\/div>\n\t\t\t\t<div class=\"elementor-element elementor-element-9c8934c elementor-widget elementor-widget-heading\" data-id=\"9c8934c\" data-element_type=\"widget\" data-widget_type=\"heading.default\">\n\t\t\t\t<div class=\"elementor-widget-container\">\n\t\t\t<h2 class=\"elementor-heading-title elementor-size-default\">ACTIVE CITIZEN FUND<\/h2>\t\t<\/div>\n\t\t\t\t<\/div>\n\t\t\t\t<div class=\"elementor-element elementor-element-a276f47 elementor-widget elementor-widget-text-editor\" data-id=\"a276f47\" data-element_type=\"widget\" data-widget_type=\"text-editor.default\">\n\t\t\t\t<div class=\"elementor-widget-container\">\n\t\t\t\t\t\t\t<p>The project aims to increase young people's political education and involvement in decision-making processes by raising young people's awareness of democratic processes and opportunities for participation.<\/p>\t\t\t\t\t\t<\/div>\n\t\t\t\t<\/div>\n\t\t\t\t<div class=\"elementor-element elementor-element-3c9aa84 elementor-align-right elementor-align--tabletleft elementor-align--mobilecenter elementor-widget elementor-widget-elementskit-button\" data-id=\"3c9aa84\" data-element_type=\"widget\" data-widget_type=\"elementskit-button.default\">\n\t\t\t\t<div class=\"elementor-widget-container\">\n\t\t\t<div class=\"ekit-wid-con\" >\t\t<div class=\"ekit-btn-wraper\">\n\t\t\t\t\t\t\t<a href=\"https:\/\/klubsmaja.lv\/en\/izproti-iesaisties-lem\/\" class=\"elementskit-btn  whitespace--normal\" id=\"\">\n\t\t\t\t\tLEARN MORE\t\t\t\t<\/a>\n\t\t\t\t\t<\/div>\n        <\/div>\t\t<\/div>\n\t\t\t\t<\/div>\n\t\t\t\t\t<\/div>\n\t\t\t\t<\/div>\n\t\t\t\t\t<\/div>\n\t\t\t\t<\/div>\n\t\t\t\t\t<\/div>\n\t\t\t\t<\/div>\n\t\t\t\t\t<\/div>\n\t\t\t\t<\/div>\n\t\t<div class=\"elementor-element elementor-element-712a581 e-flex e-con-boxed wpr-particle-no wpr-jarallax-no wpr-parallax-no wpr-sticky-section-no e-con e-parent\" data-id=\"712a581\" data-element_type=\"container\" data-settings=\"{&quot;background_background&quot;:&quot;classic&quot;}\">\n\t\t\t\t\t<div class=\"e-con-inner\">\n\t\t<div class=\"elementor-element elementor-element-400796f e-flex e-con-boxed wpr-particle-no wpr-jarallax-no wpr-parallax-no wpr-sticky-section-no e-con e-child\" data-id=\"400796f\" data-element_type=\"container\" data-settings=\"{&quot;background_background&quot;:&quot;classic&quot;}\">\n\t\t\t\t\t<div class=\"e-con-inner\">\n\t\t<div class=\"elementor-element elementor-element-e8dcadb e-grid e-con-boxed wpr-particle-no wpr-jarallax-no wpr-parallax-no wpr-sticky-section-no e-con e-child\" data-id=\"e8dcadb\" data-element_type=\"container\">\n\t\t\t\t\t<div class=\"e-con-inner\">\n\t\t<div class=\"elementor-element elementor-element-83c7f85 e-flex e-con-boxed wpr-particle-no wpr-jarallax-no wpr-parallax-no wpr-sticky-section-no e-con e-child\" data-id=\"83c7f85\" data-element_type=\"container\">\n\t\t\t\t\t<div class=\"e-con-inner\">\n\t\t\t\t<div class=\"elementor-element elementor-element-9572a1f elementor-hidden-tablet elementor-widget elementor-widget-image\" data-id=\"9572a1f\" data-element_type=\"widget\" data-widget_type=\"image.default\">\n\t\t\t\t<div class=\"elementor-widget-container\">\n\t\t\t\t\t\t\t\t\t\t\t\t\t<img decoding=\"async\" width=\"2560\" height=\"1920\" src=\"https:\/\/klubsmaja.lv\/wp-content\/uploads\/2024\/06\/54820029-F4A4-4644-9089-39E7F0141D5D-scaled.webp\" class=\"attachment-full size-full wp-image-1963\" alt=\"\" srcset=\"https:\/\/klubsmaja.lv\/wp-content\/uploads\/2024\/06\/54820029-F4A4-4644-9089-39E7F0141D5D-scaled.webp 2560w, https:\/\/klubsmaja.lv\/wp-content\/uploads\/2024\/06\/54820029-F4A4-4644-9089-39E7F0141D5D-scaled-600x450.webp 600w, https:\/\/klubsmaja.lv\/wp-content\/uploads\/2024\/06\/54820029-F4A4-4644-9089-39E7F0141D5D-300x225.webp 300w, https:\/\/klubsmaja.lv\/wp-content\/uploads\/2024\/06\/54820029-F4A4-4644-9089-39E7F0141D5D-1024x768.webp 1024w, https:\/\/klubsmaja.lv\/wp-content\/uploads\/2024\/06\/54820029-F4A4-4644-9089-39E7F0141D5D-768x576.webp 768w, https:\/\/klubsmaja.lv\/wp-content\/uploads\/2024\/06\/54820029-F4A4-4644-9089-39E7F0141D5D-1536x1152.webp 1536w, https:\/\/klubsmaja.lv\/wp-content\/uploads\/2024\/06\/54820029-F4A4-4644-9089-39E7F0141D5D-2048x1536.webp 2048w, https:\/\/klubsmaja.lv\/wp-content\/uploads\/2024\/06\/54820029-F4A4-4644-9089-39E7F0141D5D-16x12.webp 16w\" sizes=\"(max-width: 2560px) 100vw, 2560px\" \/>\t\t\t\t\t\t\t\t\t\t\t\t\t<\/div>\n\t\t\t\t<\/div>\n\t\t\t\t<div class=\"elementor-element elementor-element-3eeeab0 elementor-hidden-desktop elementor-hidden-mobile elementor-widget elementor-widget-image\" data-id=\"3eeeab0\" data-element_type=\"widget\" data-widget_type=\"image.default\">\n\t\t\t\t<div class=\"elementor-widget-container\">\n\t\t\t\t\t\t\t\t\t\t\t\t\t<img decoding=\"async\" src=\"https:\/\/klubsmaja.lv\/wp-content\/uploads\/elementor\/thumbs\/54820029-F4A4-4644-9089-39E7F0141D5D-scaled-qpzoptfrg30a3fnzgiqqo8egvkqs9ff2gc2ee8arzc.webp\" title=\"54820029-F4A4-4644-9089-39E7F0141D5D\" alt=\"54820029-F4A4-4644-9089-39E7F0141D5D\" loading=\"lazy\" \/>\t\t\t\t\t\t\t\t\t\t\t\t\t<\/div>\n\t\t\t\t<\/div>\n\t\t\t\t\t<\/div>\n\t\t\t\t<\/div>\n\t\t<div class=\"elementor-element elementor-element-be8fe55 e-flex e-con-boxed wpr-particle-no wpr-jarallax-no wpr-parallax-no wpr-sticky-section-no e-con e-child\" data-id=\"be8fe55\" data-element_type=\"container\">\n\t\t\t\t\t<div class=\"e-con-inner\">\n\t\t\t\t<div class=\"elementor-element elementor-element-6d08448 elementor-widget elementor-widget-heading\" data-id=\"6d08448\" data-element_type=\"widget\" data-widget_type=\"heading.default\">\n\t\t\t\t<div class=\"elementor-widget-container\">\n\t\t\t<h2 class=\"elementor-heading-title elementor-size-default\">We are better at PR<\/h2>\t\t<\/div>\n\t\t\t\t<\/div>\n\t\t\t\t<div class=\"elementor-element elementor-element-2a6afa8 elementor-widget elementor-widget-heading\" data-id=\"2a6afa8\" data-element_type=\"widget\" data-widget_type=\"heading.default\">\n\t\t\t\t<div class=\"elementor-widget-container\">\n\t\t\t<h2 class=\"elementor-heading-title elementor-size-default\">RIGA CITY COUNCIL<\/h2>\t\t<\/div>\n\t\t\t\t<\/div>\n\t\t\t\t<div class=\"elementor-element elementor-element-0479e3a elementor-widget elementor-widget-text-editor\" data-id=\"0479e3a\" data-element_type=\"widget\" data-widget_type=\"text-editor.default\">\n\t\t\t\t<div class=\"elementor-widget-container\">\n\t\t\t\t\t\t\t<p><span style=\"font-weight: 400;\">During the project period from 15.10.2022 to 31.04.2023, activities to improve the marketing and public relations strategy took place. Think tanks, training and workshops were organised, speakers were recruited, a new communication manual was developed and a publicity video was produced.<\/span><\/p>\t\t\t\t\t\t<\/div>\n\t\t\t\t<\/div>\n\t\t\t\t<div class=\"elementor-element elementor-element-cb16f74 elementor-align-right elementor-align--tabletleft elementor-align--mobilecenter elementor-widget elementor-widget-elementskit-button\" data-id=\"cb16f74\" data-element_type=\"widget\" data-widget_type=\"elementskit-button.default\">\n\t\t\t\t<div class=\"elementor-widget-container\">\n\t\t\t<div class=\"ekit-wid-con\" >\t\t<div class=\"ekit-btn-wraper\">\n\t\t\t\t\t\t\t<a href=\"https:\/\/klubsmaja.lv\/en\/we-are-better-at-pr\/\" class=\"elementskit-btn  whitespace--normal\" id=\"\">\n\t\t\t\t\tLEARN MORE\t\t\t\t<\/a>\n\t\t\t\t\t<\/div>\n        <\/div>\t\t<\/div>\n\t\t\t\t<\/div>\n\t\t\t\t\t<\/div>\n\t\t\t\t<\/div>\n\t\t\t\t\t<\/div>\n\t\t\t\t<\/div>\n\t\t\t\t\t<\/div>\n\t\t\t\t<\/div>\n\t\t\t\t\t<\/div>\n\t\t\t\t<\/div>\n\t\t<div class=\"elementor-element elementor-element-8eefbd6 e-flex e-con-boxed wpr-particle-no wpr-jarallax-no wpr-parallax-no wpr-sticky-section-no e-con e-parent\" data-id=\"8eefbd6\" data-element_type=\"container\" data-settings=\"{&quot;background_background&quot;:&quot;classic&quot;}\">\n\t\t\t\t\t<div class=\"e-con-inner\">\n\t\t\t\t<div class=\"elementor-element elementor-element-b7e6428 elementor-widget elementor-widget-text-editor\" data-id=\"b7e6428\" data-element_type=\"widget\" data-widget_type=\"text-editor.default\">\n\t\t\t\t<div class=\"elementor-widget-container\">\n\t\t\t\t\t\t\t<p><span style=\"white-space-collapse: preserve;\">Are you searching for newer projects?<\/span> <a style=\"color: #5970d6; font-weight: 600; text-decoration: none;\" href=\"https:\/\/klubsmaja.lv\/en\/projekti\/\">Discover newer projects!<\/a><\/p>\t\t\t\t\t\t<\/div>\n\t\t\t\t<\/div>\n\t\t\t\t\t<\/div>\n\t\t\t\t<\/div>\n\t\t\t\t<\/div>","protected":false},"excerpt":{"rendered":"<p>ARH\u012aVS \u0160eit ir iesp\u0113ja redz\u0113t atsevi\u0161\u0137us projektus Klubs &#8220;M\u0101ja&#8221; v\u0113stur\u0113! M\u016bsu projekti aptver pla\u0161u procesu kl\u0101stu, kas pamat\u0101 veicina jaunie\u0161u att\u012bst\u012bbu, soci\u0101lo iek\u013cau\u0161anu un jaunu procesu izveidi. IZPROTI, IESAISTIES, LEM! AKT\u012aVO IEDZ\u012aVOT\u0100JU FINDS Projekta m\u0113r\u0137is ir palielin\u0101t jaunie\u0161u politisko izgl\u012bt\u012bbu un iesaisti l\u0113mumu pie\u0146em\u0161anas procesos caur jaunie\u0161u izpratnes veicin\u0101\u0161anu par demokr\u0101tiskajiem procesiem un l\u012bdzdal\u012bbas iesp\u0113j\u0101m. UZZIN\u0100T VAIR\u0100K We are better at PR R\u012aGAS DOME Projekta laik\u0101 no 15.10.2022. l\u012bdz 31.04.2023. notika aktivit\u0101tes m\u0101rketinga un sabiedrisko attiec\u012bbu strat\u0113\u0123ijas uzlabo\u0161anai. Tika organiz\u0113tas domn\u012bcas, apm\u0101c\u012bbas un darbn\u012bcas, piesaist\u012bti lektori, izstr\u0101d\u0101ta jauna komunik\u0101cijas rokasgr\u0101mata, k\u0101 ar\u012b veidots publicit\u0101tes videoklips. UZZIN\u0100T VAIR\u0100K Mekl\u0113 jaun\u0101kus projektu? Apskati akt\u012bvos projektus!<\/p>","protected":false},"author":1,"featured_media":0,"parent":0,"menu_order":0,"comment_status":"closed","ping_status":"closed","template":"","meta":{"om_disable_all_campaigns":false,"_uf_show_specific_survey":0,"_uf_disable_surveys":false,"footnotes":""},"class_list":["post-860","page","type-page","status-publish","hentry"],"aioseo_notices":[],"_links":{"self":[{"href":"https:\/\/klubsmaja.lv\/en\/wp-json\/wp\/v2\/pages\/860"}],"collection":[{"href":"https:\/\/klubsmaja.lv\/en\/wp-json\/wp\/v2\/pages"}],"about":[{"href":"https:\/\/klubsmaja.lv\/en\/wp-json\/wp\/v2\/types\/page"}],"author":[{"embeddable":true,"href":"https:\/\/klubsmaja.lv\/en\/wp-json\/wp\/v2\/users\/1"}],"replies":[{"embeddable":true,"href":"https:\/\/klubsmaja.lv\/en\/wp-json\/wp\/v2\/comments?post=860"}],"version-history":[{"count":32,"href":"https:\/\/klubsmaja.lv\/en\/wp-json\/wp\/v2\/pages\/860\/revisions"}],"predecessor-version":[{"id":4736,"href":"https:\/\/klubsmaja.lv\/en\/wp-json\/wp\/v2\/pages\/860\/revisions\/4736"}],"wp:attachment":[{"href":"https:\/\/klubsmaja.lv\/en\/wp-json\/wp\/v2\/media?parent=860"}],"curies":[{"name":"wp","href":"https:\/\/api.w.org\/{rel}","templated":true}]}}