{"id":959,"date":"2024-06-16T18:42:05","date_gmt":"2024-06-16T18:42:05","guid":{"rendered":"https:\/\/klubsmaja.lv\/?page_id=959"},"modified":"2025-03-17T13:55:25","modified_gmt":"2025-03-17T13:55:25","slug":"sanemts","status":"publish","type":"page","link":"https:\/\/klubsmaja.lv\/en\/sanemts\/","title":{"rendered":"Iesniegts pieteikums"},"content":{"rendered":"<div data-elementor-type=\"wp-page\" data-elementor-id=\"959\" class=\"elementor elementor-959\">\n\t\t\t\t<div class=\"elementor-element elementor-element-d83a957 e-flex e-con-boxed wpr-particle-no wpr-jarallax-no wpr-parallax-no wpr-sticky-section-no e-con e-parent\" data-id=\"d83a957\" data-element_type=\"container\" data-settings=\"{&quot;background_background&quot;:&quot;classic&quot;}\">\n\t\t\t\t\t<div class=\"e-con-inner\">\n\t\t\t\t<div class=\"elementor-element elementor-element-2ad11e0 elementor-widget elementor-widget-heading\" data-id=\"2ad11e0\" data-element_type=\"widget\" data-widget_type=\"heading.default\">\n\t\t\t\t<div class=\"elementor-widget-container\">\n\t\t\t<h2 class=\"elementor-heading-title elementor-size-default\">RECEIVED<\/h2>\t\t<\/div>\n\t\t\t\t<\/div>\n\t\t\t\t<div class=\"elementor-element elementor-element-97ff809 elementor-widget elementor-widget-text-editor\" data-id=\"97ff809\" data-element_type=\"widget\" data-widget_type=\"text-editor.default\">\n\t\t\t\t<div class=\"elementor-widget-container\">\n\t\t\t\t\t\t\t<p>Paldies, ka veic soli, lai uzlabotu savu apk\u0101rt\u0113jo vidi! Dr\u012bzum\u0101 sa\u0146emsi autom\u0101tisku e-pastu ar n\u0101kamaj\u0101m darb\u012bb\u0101m. Ned\u0113\u013cas laik\u0101 vien\u012bbas jaunie\u0161i ar Tevi sazin\u0101sies caur e-pastu vai SMS.<\/p>\n<p>In the meantime, wait to hear from the team that will invite you to your first meeting or call. In this conversation we will learn more about your motivation, your expectations from the organisation and what we can expect from you. We will plan how to work together and achieve your goals.<\/p>\n<p>Dalies ar \u0161o iesp\u0113ju ar\u012b ar saviem draugiem \u2013 iesp\u0113jams, ka varat \u0161o procesu iziet kop\u012bgi! Veiksmi un tiekamies dr\u012bz!<\/p>\t\t\t\t\t\t<\/div>\n\t\t\t\t<\/div>\n\t\t<div class=\"elementor-element elementor-element-31a6f08 e-grid e-con-boxed wpr-particle-no wpr-jarallax-no wpr-parallax-no wpr-sticky-section-no e-con e-child\" data-id=\"31a6f08\" data-element_type=\"container\">\n\t\t\t\t\t<div class=\"e-con-inner\">\n\t\t\t\t<div class=\"elementor-element elementor-element-fe3f5d8 elementor-align-center elementor-widget elementor-widget-elementskit-button\" data-id=\"fe3f5d8\" data-element_type=\"widget\" data-widget_type=\"elementskit-button.default\">\n\t\t\t\t<div class=\"elementor-widget-container\">\n\t\t\t<div class=\"ekit-wid-con\" >\t\t<div class=\"ekit-btn-wraper\">\n\t\t\t\t\t\t\t<a href=\"http:\/\/klubsmaja.lv\/en\/\" class=\"elementskit-btn  whitespace--normal\" id=\"\">\n\t\t\t\t\tHOMEPAGE\t\t\t\t<\/a>\n\t\t\t\t\t<\/div>\n        <\/div>\t\t<\/div>\n\t\t\t\t<\/div>\n\t\t\t\t\t<\/div>\n\t\t\t\t<\/div>\n\t\t\t\t\t<\/div>\n\t\t\t\t<\/div>\n\t\t\t\t<\/div>","protected":false},"excerpt":{"rendered":"<p>SA\u0145EMTS Paldies, ka veic soli, lai uzlabotu savu apk\u0101rt\u0113jo vidi! Dr\u012bzum\u0101 sa\u0146emsi autom\u0101tisku e-pastu ar n\u0101kamaj\u0101m darb\u012bb\u0101m. Ned\u0113\u013cas laik\u0101 vien\u012bbas jaunie\u0161i ar Tevi sazin\u0101sies caur e-pastu vai SMS. Tikm\u0113r gaidi zi\u0146u no komandas, kura uzaicin\u0101s Tevi uz pirmo tik\u0161anos vai sazvanu. \u0160aj\u0101 sarun\u0101 m\u0113s uzzin\u0101sim vair\u0101k par Tavu motiv\u0101ciju, k\u0101das ir Tavas cer\u012bbas no organiz\u0101cijas un ko m\u0113s varam sagaid\u012bt no Tevis. M\u0113s izpl\u0101nosim, k\u0101 kop\u012bgi darboties un sasniegt izvirz\u012btos m\u0113r\u0137us. Dalies ar \u0161o iesp\u0113ju ar\u012b ar saviem draugiem \u2013 iesp\u0113jams, ka varat \u0161o procesu iziet kop\u012bgi! Veiksmi un tiekamies dr\u012bz! S\u0100KUMLAPA<\/p>","protected":false},"author":1,"featured_media":0,"parent":0,"menu_order":0,"comment_status":"closed","ping_status":"closed","template":"","meta":{"om_disable_all_campaigns":false,"_uf_show_specific_survey":0,"_uf_disable_surveys":false,"footnotes":""},"class_list":["post-959","page","type-page","status-publish","hentry"],"aioseo_notices":[],"_links":{"self":[{"href":"https:\/\/klubsmaja.lv\/en\/wp-json\/wp\/v2\/pages\/959"}],"collection":[{"href":"https:\/\/klubsmaja.lv\/en\/wp-json\/wp\/v2\/pages"}],"about":[{"href":"https:\/\/klubsmaja.lv\/en\/wp-json\/wp\/v2\/types\/page"}],"author":[{"embeddable":true,"href":"https:\/\/klubsmaja.lv\/en\/wp-json\/wp\/v2\/users\/1"}],"replies":[{"embeddable":true,"href":"https:\/\/klubsmaja.lv\/en\/wp-json\/wp\/v2\/comments?post=959"}],"version-history":[{"count":37,"href":"https:\/\/klubsmaja.lv\/en\/wp-json\/wp\/v2\/pages\/959\/revisions"}],"predecessor-version":[{"id":6060,"href":"https:\/\/klubsmaja.lv\/en\/wp-json\/wp\/v2\/pages\/959\/revisions\/6060"}],"wp:attachment":[{"href":"https:\/\/klubsmaja.lv\/en\/wp-json\/wp\/v2\/media?parent=959"}],"curies":[{"name":"wp","href":"https:\/\/api.w.org\/{rel}","templated":true}]}}