{"id":2235,"date":"2024-06-24T11:28:51","date_gmt":"2024-06-24T11:28:51","guid":{"rendered":"https:\/\/klubsmaja.lv\/product\/unisex-hudijs\/"},"modified":"2024-06-25T11:14:19","modified_gmt":"2024-06-25T11:14:19","slug":"unisex-hudijs","status":"publish","type":"product","link":"https:\/\/klubsmaja.lv\/en\/product\/unisex-hudijs\/","title":{"rendered":"Klubs &#8220;M\u0101ja&#8221; Unisex H\u016bdijs (MELNS)"},"content":{"rendered":"<p>Kur\u0161 gan zin\u0101ja, ka vism\u012bkst\u0101k\u0101 jaka ar kapuci, k\u0101da jums jebkad b\u016bs, ir ar Klubs &#8220;M\u0101ja&#8221; dizainu. J\u016bs neno\u017e\u0113losiet, ka ieg\u0101d\u0101jaties \u0161o klasisko ielas ap\u0123\u0113rbu ar \u0113rtu kabatas kabatu un siltu kapuci v\u0113siem vakariem.<\/p>\n<p><strong>MAIN CHARACTERISTICS<\/strong><br \/>\n&#8211; 65 % kokvilnas, 35 % poliestera<br \/>\n&#8211; Priek\u0161\u0113j\u0101 kabatas kabata<br \/>\n&#8211; Pa\u0161darin\u0101ts auduma pl\u0101ksteris uz muguras<br \/>\n&#8211; Atbilsto\u0161as plakanas auklas<br \/>\n&#8211; Tr\u012bs pane\u013cu kapuce<br \/>\n&#8211; Tuk\u0161ais izstr\u0101d\u0101jums, kura izcelsme ir Pakist\u0101n\u0101<\/p>\n<p><strong>DISCLAIMER<\/strong><br \/>\n\u0160\u012bs hoodijs ir maz\u0101ka izm\u0113ra. Lai lieliski piegul\u0113tu, iesak\u0101m pas\u016bt\u012bt par vienu izm\u0113ru liel\u0101ku izm\u0113ru nek\u0101 j\u016bsu ierastais izm\u0113rs.<\/p>\n<p><strong>\u0145EM V\u0112R\u0100<\/strong><br \/>\n\u0160is produkts tiek izgatavots \u012bpa\u0161i jums, tikl\u012bdz j\u016bs veicat pas\u016bt\u012bjumu, t\u0101p\u0113c t\u0101 pieg\u0101de jums aiz\u0146em nedaudz ilg\u0101ku laiku. Produktu izgatavo\u0161ana p\u0113c piepras\u012bjuma, nevis vairum\u0101 pal\u012bdz samazin\u0101t p\u0101rprodukciju, t\u0101p\u0113c paldies, ka pie\u0146emat p\u0101rdom\u0101tus l\u0113mumus par pirkumu!<\/p>","protected":false},"excerpt":{"rendered":"<p>Kur\u0161 gan zin\u0101ja, ka vism\u012bkst\u0101k\u0101 jaka ar kapuci, k\u0101da jums jebkad b\u016bs, ir ar Klubs &#8220;M\u0101ja&#8221; dizainu. J\u016bs neno\u017e\u0113losiet, ka ieg\u0101d\u0101jaties \u0161o klasisko ielas ap\u0123\u0113rbu ar \u0113rtu kabatas kabatu un siltu kapuci v\u0113siem vakariem. GALVEN\u0100S \u012aPA\u0160\u012aBAS &#8211; 65 % kokvilnas, 35 % poliestera &#8211; Priek\u0161\u0113j\u0101 kabatas kabata &#8211; Pa\u0161darin\u0101ts auduma pl\u0101ksteris uz muguras &#8211; Atbilsto\u0161as plakanas auklas &#8211; Tr\u012bs pane\u013cu kapuce &#8211; Tuk\u0161ais izstr\u0101d\u0101jums, kura izcelsme ir Pakist\u0101n\u0101 ATRUNA \u0160\u012bs hoodijs ir maz\u0101ka izm\u0113ra. Lai lieliski piegul\u0113tu, iesak\u0101m pas\u016bt\u012bt par vienu izm\u0113ru liel\u0101ku izm\u0113ru nek\u0101 j\u016bsu ierastais izm\u0113rs. \u0145EM V\u0112R\u0100 \u0160is produkts tiek izgatavots \u012bpa\u0161i jums, tikl\u012bdz j\u016bs veicat pas\u016bt\u012bjumu, t\u0101p\u0113c t\u0101 pieg\u0101de jums aiz\u0146em nedaudz ilg\u0101ku laiku. Produktu izgatavo\u0161ana p\u0113c piepras\u012bjuma, nevis vairum\u0101 pal\u012bdz samazin\u0101t p\u0101rprodukciju, t\u0101p\u0113c paldies, ka pie\u0146emat p\u0101rdom\u0101tus l\u0113mumus par pirkumu!<\/p>","protected":false},"featured_media":2244,"template":"","meta":{"om_disable_all_campaigns":false,"_uf_show_specific_survey":0,"_uf_disable_surveys":false},"product_brand":[],"product_cat":[26],"product_tag":[],"class_list":{"0":"post-2235","1":"product","2":"type-product","3":"status-publish","4":"has-post-thumbnail","6":"product_cat-suveniri","8":"first","9":"instock","10":"shipping-taxable","11":"purchasable","12":"product-type-variable"},"aioseo_notices":[],"_links":{"self":[{"href":"https:\/\/klubsmaja.lv\/en\/wp-json\/wp\/v2\/product\/2235"}],"collection":[{"href":"https:\/\/klubsmaja.lv\/en\/wp-json\/wp\/v2\/product"}],"about":[{"href":"https:\/\/klubsmaja.lv\/en\/wp-json\/wp\/v2\/types\/product"}],"wp:featuredmedia":[{"embeddable":true,"href":"https:\/\/klubsmaja.lv\/en\/wp-json\/wp\/v2\/media\/2244"}],"wp:attachment":[{"href":"https:\/\/klubsmaja.lv\/en\/wp-json\/wp\/v2\/media?parent=2235"}],"wp:term":[{"taxonomy":"product_brand","embeddable":true,"href":"https:\/\/klubsmaja.lv\/en\/wp-json\/wp\/v2\/product_brand?post=2235"},{"taxonomy":"product_cat","embeddable":true,"href":"https:\/\/klubsmaja.lv\/en\/wp-json\/wp\/v2\/product_cat?post=2235"},{"taxonomy":"product_tag","embeddable":true,"href":"https:\/\/klubsmaja.lv\/en\/wp-json\/wp\/v2\/product_tag?post=2235"}],"curies":[{"name":"wp","href":"https:\/\/api.w.org\/{rel}","templated":true}]}}