{"id":2270,"date":"2024-06-24T14:47:56","date_gmt":"2024-06-24T14:47:56","guid":{"rendered":"https:\/\/klubsmaja.lv\/product\/mug-with-color-inside-2\/"},"modified":"2024-06-25T11:54:58","modified_gmt":"2024-06-25T11:54:58","slug":"mug-with-color-inside-2","status":"publish","type":"product","link":"https:\/\/klubsmaja.lv\/en\/product\/mug-with-color-inside-2\/","title":{"rendered":"KLUBS &#8220;M\u0100JA&#8221; KR\u016aZE (KR\u0100SAINA MALA)"},"content":{"rendered":"<pre>Papildiniet savu r\u012bta kafijas vai t\u0113jas ritu\u0101lu! \u0160\u012bm keramikas kr\u016bz\u0113m ir ne tikai skaists dizains, bet ar\u012b kr\u0101sains apmale, rokturis un iek\u0161puse, t\u0101p\u0113c kr\u016bze noteikti padar\u012bs j\u016bsu kr\u016b\u017eu plauktu kr\u0101sain\u0101ku.<br><br>\r\n\r\n<strong>MAIN CHARACTERISTICS<\/strong><br>\r\n- Keramikas<br>\r\n- Kr\u016bz\u012btes izm\u0113ri: 11 oz: Augstums 3,79\u2033 (9,6 cm), diametrs 3,25\u2033 (8,3 cm).<br>\r\n- Kr\u0101sains aplis, iek\u0161puse un rokturis <br>\r\n- Var mazg\u0101t trauku mazg\u0101jam\u0101 ma\u0161\u012bn\u0101 un mikrovi\u013c\u0146u kr\u0101sn\u012b <br>\r\n<br>\r\n<strong>DISCLAIMER<\/strong><br>\r\n\u0160is produkts tiek izgatavots \u012bpa\u0161i jums, tikl\u012bdz j\u016bs veicat pas\u016bt\u012bjumu, t\u0101p\u0113c t\u0101 pieg\u0101de jums aiz\u0146em nedaudz ilg\u0101ku laiku. Produktu izgatavo\u0161ana p\u0113c piepras\u012bjuma, nevis vairum\u0101 pal\u012bdz samazin\u0101t p\u0101rprodukciju, t\u0101p\u0113c paldies, ka pie\u0146emat p\u0101rdom\u0101tus l\u0113mumus par pirkumu!<br>\r\n<br>\r\n<strong>DIZAINS<\/strong><br>\r\nVisvaldis Knuts B\u0113rzi\u0146\u0161<\/pre>","protected":false},"excerpt":{"rendered":"<p>Papildiniet savu r\u012bta kafijas vai t\u0113jas ritu\u0101lu! \u0160\u012bm keramikas kr\u016bz\u0113m ir ne tikai skaists dizains, bet ar\u012b kr\u0101sains apmale, rokturis un iek\u0161puse, t\u0101p\u0113c kr\u016bze noteikti padar\u012bs j\u016bsu kr\u016b\u017eu plauktu kr\u0101sain\u0101ku. GALVEN\u0100S \u012aPA\u0160\u012aBAS &#8211; Keramikas &#8211; Kr\u016bz\u012btes izm\u0113ri: 11 oz: Augstums 3,79\u2033 (9,6 cm), diametrs 3,25\u2033 (8,3 cm). &#8211; Kr\u0101sains aplis, iek\u0161puse un rokturis &#8211; Var mazg\u0101t trauku mazg\u0101jam\u0101 ma\u0161\u012bn\u0101 un mikrovi\u013c\u0146u kr\u0101sn\u012b ATRUNA \u0160is produkts tiek izgatavots \u012bpa\u0161i jums, tikl\u012bdz j\u016bs veicat pas\u016bt\u012bjumu, t\u0101p\u0113c t\u0101 pieg\u0101de jums aiz\u0146em nedaudz ilg\u0101ku laiku. Produktu izgatavo\u0161ana p\u0113c piepras\u012bjuma, nevis vairum\u0101 pal\u012bdz samazin\u0101t p\u0101rprodukciju, t\u0101p\u0113c paldies, ka pie\u0146emat p\u0101rdom\u0101tus l\u0113mumus par pirkumu! DIZAINS Visvaldis Knuts B\u0113rzi\u0146\u0161<\/p>","protected":false},"featured_media":2673,"template":"","meta":{"om_disable_all_campaigns":false,"_uf_show_specific_survey":0,"_uf_disable_surveys":false},"product_brand":[],"product_cat":[26,58,64],"product_tag":[],"class_list":{"0":"post-2270","1":"product","2":"type-product","3":"status-publish","4":"has-post-thumbnail","6":"product_cat-suveniri","7":"product_cat-klubs-maja","8":"product_cat-kruzes","10":"first","11":"instock","12":"shipping-taxable","13":"purchasable","14":"product-type-variable"},"aioseo_notices":[],"_links":{"self":[{"href":"https:\/\/klubsmaja.lv\/en\/wp-json\/wp\/v2\/product\/2270"}],"collection":[{"href":"https:\/\/klubsmaja.lv\/en\/wp-json\/wp\/v2\/product"}],"about":[{"href":"https:\/\/klubsmaja.lv\/en\/wp-json\/wp\/v2\/types\/product"}],"wp:featuredmedia":[{"embeddable":true,"href":"https:\/\/klubsmaja.lv\/en\/wp-json\/wp\/v2\/media\/2673"}],"wp:attachment":[{"href":"https:\/\/klubsmaja.lv\/en\/wp-json\/wp\/v2\/media?parent=2270"}],"wp:term":[{"taxonomy":"product_brand","embeddable":true,"href":"https:\/\/klubsmaja.lv\/en\/wp-json\/wp\/v2\/product_brand?post=2270"},{"taxonomy":"product_cat","embeddable":true,"href":"https:\/\/klubsmaja.lv\/en\/wp-json\/wp\/v2\/product_cat?post=2270"},{"taxonomy":"product_tag","embeddable":true,"href":"https:\/\/klubsmaja.lv\/en\/wp-json\/wp\/v2\/product_tag?post=2270"}],"curies":[{"name":"wp","href":"https:\/\/api.w.org\/{rel}","templated":true}]}}