{"id":2291,"date":"2024-06-24T15:18:21","date_gmt":"2024-06-24T15:18:21","guid":{"rendered":"https:\/\/klubsmaja.lv\/product\/kruze-3\/"},"modified":"2024-06-25T12:11:34","modified_gmt":"2024-06-25T12:11:34","slug":"kruze-3","status":"publish","type":"product","link":"https:\/\/klubsmaja.lv\/en\/product\/kruze-3\/","title":{"rendered":"ANO JDP kr\u016bze (330ml)"},"content":{"rendered":"<pre>\u0160\u012b kr\u016bze ir piem\u0113rota visiem, kuriem pat\u012bk no r\u012btiem dzert kafiju, vakaros malkot t\u0113ju vai baud\u012bt jebkuru citu dz\u0113rienu. Kr\u016bzi rot\u0101 Klubs \"M\u0101ja\" apdruka, kuras spilgt\u0101s kr\u0101sas nezud\u012bs ar\u012b p\u0113c sild\u012b\u0161anas mikrovi\u013c\u0146u kr\u0101sn\u012b vai mazg\u0101\u0161anas trauku mazg\u0101jam\u0101 ma\u0161\u012bn\u0101.<br>\r\n<strong><br>\r\nGALVEN\u0100S \u012aPAS\u012aBAS<\/strong><br>\r\n\u2022 Balta keramikas kr\u016bze ar sp\u012bd\u012bgu p\u0101rkl\u0101jumu<br>\r\n\u2022 Piem\u0113rota lieto\u0161anai mikrovi\u013c\u0146u kr\u0101sn\u012b<br>\r\n\u2022 Piem\u0113rota lieto\u0161anai trauku mazg\u0101jam\u0101 ma\u0161\u012bn\u0101<\/pre>","protected":false},"excerpt":{"rendered":"<p>\u0160\u012b kr\u016bze ir piem\u0113rota visiem, kuriem pat\u012bk no r\u012btiem dzert kafiju, vakaros malkot t\u0113ju vai baud\u012bt jebkuru citu dz\u0113rienu. Kr\u016bzi rot\u0101 Klubs &#8220;M\u0101ja&#8221; apdruka, kuras spilgt\u0101s kr\u0101sas nezud\u012bs ar\u012b p\u0113c sild\u012b\u0161anas mikrovi\u013c\u0146u kr\u0101sn\u012b vai mazg\u0101\u0161anas trauku mazg\u0101jam\u0101 ma\u0161\u012bn\u0101. GALVEN\u0100S \u012aPAS\u012aBAS \u2022 Balta keramikas kr\u016bze ar sp\u012bd\u012bgu p\u0101rkl\u0101jumu \u2022 Piem\u0113rota lieto\u0161anai mikrovi\u013c\u0146u kr\u0101sn\u012b \u2022 Piem\u0113rota lieto\u0161anai trauku mazg\u0101jam\u0101 ma\u0161\u012bn\u0101<\/p>","protected":false},"featured_media":2709,"template":"","meta":{"om_disable_all_campaigns":false,"_uf_show_specific_survey":0,"_uf_disable_surveys":false},"product_brand":[],"product_cat":[26,63,64],"product_tag":[],"class_list":{"0":"post-2291","1":"product","2":"type-product","3":"status-publish","4":"has-post-thumbnail","6":"product_cat-suveniri","7":"product_cat-ano-jdp","8":"product_cat-kruzes","10":"first","11":"instock","12":"shipping-taxable","13":"purchasable","14":"product-type-simple"},"aioseo_notices":[],"_links":{"self":[{"href":"https:\/\/klubsmaja.lv\/en\/wp-json\/wp\/v2\/product\/2291"}],"collection":[{"href":"https:\/\/klubsmaja.lv\/en\/wp-json\/wp\/v2\/product"}],"about":[{"href":"https:\/\/klubsmaja.lv\/en\/wp-json\/wp\/v2\/types\/product"}],"wp:featuredmedia":[{"embeddable":true,"href":"https:\/\/klubsmaja.lv\/en\/wp-json\/wp\/v2\/media\/2709"}],"wp:attachment":[{"href":"https:\/\/klubsmaja.lv\/en\/wp-json\/wp\/v2\/media?parent=2291"}],"wp:term":[{"taxonomy":"product_brand","embeddable":true,"href":"https:\/\/klubsmaja.lv\/en\/wp-json\/wp\/v2\/product_brand?post=2291"},{"taxonomy":"product_cat","embeddable":true,"href":"https:\/\/klubsmaja.lv\/en\/wp-json\/wp\/v2\/product_cat?post=2291"},{"taxonomy":"product_tag","embeddable":true,"href":"https:\/\/klubsmaja.lv\/en\/wp-json\/wp\/v2\/product_tag?post=2291"}],"curies":[{"name":"wp","href":"https:\/\/api.w.org\/{rel}","templated":true}]}}