{"id":2327,"date":"2024-06-24T15:47:35","date_gmt":"2024-06-24T15:47:35","guid":{"rendered":"https:\/\/klubsmaja.lv\/product\/black-glossy-mug-3\/"},"modified":"2024-06-25T12:34:16","modified_gmt":"2024-06-25T12:34:16","slug":"black-glossy-mug-3","status":"publish","type":"product","link":"https:\/\/klubsmaja.lv\/en\/product\/black-glossy-mug-3\/","title":{"rendered":"JEF Latvija MELNA KR\u016aZE"},"content":{"rendered":"<pre>\u0160\u012b kr\u016bze ir iztur\u012bga, gl\u012bta un lieliski piem\u0113rota j\u016bsu r\u012bta kafijai vai p\u0113cpusdienas t\u0113jai. <br>\r\n<br>\r\n<strong>MAIN CHARACTERISTICS<\/strong><br>\r\n- Keramika<br>\r\n- 11 oz kr\u016bzes izm\u0113ri: augstums 3,85\" (9,8 cm), diametrs 3,35\" (8,5 cm).<br>\r\n- Glanc\u0113ta apdare<br>\r\n- Nav piem\u0113rots mazg\u0101\u0161anai trauku mazg\u0101jam\u0101 ma\u0161\u012bn\u0101 vai mikrovi\u013c\u0146u kr\u0101sn\u012b<br>\r\n- Mazg\u0101t tikai ar rok\u0101m<br><br>\r\n<strong>DISCLAIMER<\/strong><br>\r\n\u0160is produkts tiek izgatavots \u012bpa\u0161i jums, tikl\u012bdz j\u016bs veicat pas\u016bt\u012bjumu, t\u0101p\u0113c t\u0101 pieg\u0101de jums aiz\u0146em nedaudz ilg\u0101ku laiku. Produktu izgatavo\u0161ana p\u0113c piepras\u012bjuma, nevis vairum\u0101 pal\u012bdz samazin\u0101t p\u0101rprodukciju, t\u0101p\u0113c paldies, ka pie\u0146emat p\u0101rdom\u0101tus l\u0113mumus par pirkumu!<\/pre>","protected":false},"excerpt":{"rendered":"<p>\u0160\u012b kr\u016bze ir iztur\u012bga, gl\u012bta un lieliski piem\u0113rota j\u016bsu r\u012bta kafijai vai p\u0113cpusdienas t\u0113jai. GALVEN\u0100S \u012aPA\u0160\u012aBAS &#8211; Keramika &#8211; 11 oz kr\u016bzes izm\u0113ri: augstums 3,85&#8243; (9,8 cm), diametrs 3,35&#8243; (8,5 cm). &#8211; Glanc\u0113ta apdare &#8211; Nav piem\u0113rots mazg\u0101\u0161anai trauku mazg\u0101jam\u0101 ma\u0161\u012bn\u0101 vai mikrovi\u013c\u0146u kr\u0101sn\u012b &#8211; Mazg\u0101t tikai ar rok\u0101m ATRUNA \u0160is produkts tiek izgatavots \u012bpa\u0161i jums, tikl\u012bdz j\u016bs veicat pas\u016bt\u012bjumu, t\u0101p\u0113c t\u0101 pieg\u0101de jums aiz\u0146em nedaudz ilg\u0101ku laiku. Produktu izgatavo\u0161ana p\u0113c piepras\u012bjuma, nevis vairum\u0101 pal\u012bdz samazin\u0101t p\u0101rprodukciju, t\u0101p\u0113c paldies, ka pie\u0146emat p\u0101rdom\u0101tus l\u0113mumus par pirkumu!<\/p>","protected":false},"featured_media":2743,"template":"","meta":{"om_disable_all_campaigns":false,"_uf_show_specific_survey":0,"_uf_disable_surveys":false},"product_brand":[],"product_cat":[26,62,64],"product_tag":[],"class_list":{"0":"post-2327","1":"product","2":"type-product","3":"status-publish","4":"has-post-thumbnail","6":"product_cat-suveniri","7":"product_cat-jef-latvija","8":"product_cat-kruzes","10":"first","11":"instock","12":"shipping-taxable","13":"purchasable","14":"product-type-simple"},"aioseo_notices":[],"_links":{"self":[{"href":"https:\/\/klubsmaja.lv\/en\/wp-json\/wp\/v2\/product\/2327"}],"collection":[{"href":"https:\/\/klubsmaja.lv\/en\/wp-json\/wp\/v2\/product"}],"about":[{"href":"https:\/\/klubsmaja.lv\/en\/wp-json\/wp\/v2\/types\/product"}],"wp:featuredmedia":[{"embeddable":true,"href":"https:\/\/klubsmaja.lv\/en\/wp-json\/wp\/v2\/media\/2743"}],"wp:attachment":[{"href":"https:\/\/klubsmaja.lv\/en\/wp-json\/wp\/v2\/media?parent=2327"}],"wp:term":[{"taxonomy":"product_brand","embeddable":true,"href":"https:\/\/klubsmaja.lv\/en\/wp-json\/wp\/v2\/product_brand?post=2327"},{"taxonomy":"product_cat","embeddable":true,"href":"https:\/\/klubsmaja.lv\/en\/wp-json\/wp\/v2\/product_cat?post=2327"},{"taxonomy":"product_tag","embeddable":true,"href":"https:\/\/klubsmaja.lv\/en\/wp-json\/wp\/v2\/product_tag?post=2327"}],"curies":[{"name":"wp","href":"https:\/\/api.w.org\/{rel}","templated":true}]}}