{"id":2351,"date":"2024-06-24T15:53:46","date_gmt":"2024-06-24T15:53:46","guid":{"rendered":"https:\/\/klubsmaja.lv\/product\/enamel-mug-4\/"},"modified":"2024-06-25T12:45:52","modified_gmt":"2024-06-25T12:45:52","slug":"enamel-mug-4","status":"publish","type":"product","link":"https:\/\/klubsmaja.lv\/en\/product\/enamel-mug-4\/","title":{"rendered":"ANO JDP met\u0101la kr\u016bze"},"content":{"rendered":"<p>Katram ir nepiecie\u0161ama unik\u0101la p\u0101rg\u0101jienu kr\u016bze. T\u0101 ir viegla, iztur\u012bga un daudzfunkcion\u0101la. Izmantojiet to savam iecien\u012bt\u0101kajam dz\u0113rienam vai karstam \u0113dienam, k\u0101 ar\u012b piestipriniet to pie somas, lai \u0113rti piek\u013c\u016btu p\u0101rg\u0101jien\u0101.<\/p>\n<p><strong>MAIN CHARACTERISTICS<\/strong><br \/>\n&#8211; Materi\u0101ls: emalja<br \/>\n&#8211; Izm\u0113ri: augstums 3,14\u2033 (8 cm), diametrs 3,25\u2033 (8,25 cm).<br \/>\n&#8211; Balts p\u0101rkl\u0101jums ar sudraba apmali<br \/>\n&#8211; Mazg\u0101t tikai ar rok\u0101m<br \/>\n&#8211; Tuk\u0161s izstr\u0101d\u0101jums, kura izcelsme ir \u0136\u012bn\u0101<\/p>\n<p><strong>UZMAN\u012aBU<\/strong><br \/>\nNesildiet \u0161\u0137idrumus vai \u0113dienu tie\u0161i kr\u016bz\u0113 &#8211; tas var saboj\u0101t p\u0101rkl\u0101jumu.<\/p>\n<p><strong>DISCLAIMER<\/strong><br \/>\nEmaljas kr\u016bzei ir tendence iekr\u0101soties, ja to lieto ar noteiktiem dz\u0113rieniem, tostarp kafiju, t\u0113ju un dab\u012bg\u0101m sul\u0101m. T\u0101 ir norm\u0101la emaljas izstr\u0101d\u0101jumu \u012bpa\u0161\u012bba, kas nav rakstur\u012bga tikai m\u016bsu kr\u016bzei. Pateicoties emaljas raupjajai un porainai virsmas strukt\u016brai, \u0161o dz\u0113rienu da\u013ci\u0146as var viegli pie\u0137erties pie kr\u016bzes, k\u0101 rezult\u0101t\u0101 laika gait\u0101 uz t\u0101s var veidoties traipi. Traipus var efekt\u012bvi no\u0146emt, uzkl\u0101jot uz skart\u0101s vietas citrona sulu vai sodu un viegli noslaukot ar cietu s\u016bkli.<\/p>\n<p><strong>\u0145EM V\u0112R\u0100<\/strong><br \/>\n\u0160is produkts tiek izgatavots \u012bpa\u0161i jums, tikl\u012bdz j\u016bs veicat pas\u016bt\u012bjumu, t\u0101p\u0113c t\u0101 pieg\u0101de jums aiz\u0146em nedaudz ilg\u0101ku laiku. Produktu izgatavo\u0161ana p\u0113c piepras\u012bjuma, nevis vairum\u0101 pal\u012bdz samazin\u0101t p\u0101rprodukciju, t\u0101p\u0113c paldies, ka pie\u0146emat p\u0101rdom\u0101tus l\u0113mumus par pirkumu!<\/p>","protected":false},"excerpt":{"rendered":"<p>Katram ir nepiecie\u0161ama unik\u0101la p\u0101rg\u0101jienu kr\u016bze. T\u0101 ir viegla, iztur\u012bga un daudzfunkcion\u0101la. Izmantojiet to savam iecien\u012bt\u0101kajam dz\u0113rienam vai karstam \u0113dienam, k\u0101 ar\u012b piestipriniet to pie somas, lai \u0113rti piek\u013c\u016btu p\u0101rg\u0101jien\u0101. GALVEN\u0100S \u012aPA\u0160\u012aBAS &#8211; Materi\u0101ls: emalja &#8211; Izm\u0113ri: augstums 3,14\u2033 (8 cm), diametrs 3,25\u2033 (8,25 cm). &#8211; Balts p\u0101rkl\u0101jums ar sudraba apmali &#8211; Mazg\u0101t tikai ar rok\u0101m &#8211; Tuk\u0161s izstr\u0101d\u0101jums, kura izcelsme ir \u0136\u012bn\u0101 UZMAN\u012aBU Nesildiet \u0161\u0137idrumus vai \u0113dienu tie\u0161i kr\u016bz\u0113 &#8211; tas var saboj\u0101t p\u0101rkl\u0101jumu. ATRUNA Emaljas kr\u016bzei ir tendence iekr\u0101soties, ja to lieto ar noteiktiem dz\u0113rieniem, tostarp kafiju, t\u0113ju un dab\u012bg\u0101m sul\u0101m. T\u0101 ir norm\u0101la emaljas izstr\u0101d\u0101jumu \u012bpa\u0161\u012bba, kas nav rakstur\u012bga tikai m\u016bsu kr\u016bzei. Pateicoties emaljas raupjajai un porainai virsmas strukt\u016brai, \u0161o dz\u0113rienu da\u013ci\u0146as var viegli pie\u0137erties pie kr\u016bzes, k\u0101 rezult\u0101t\u0101 laika gait\u0101 uz t\u0101s var veidoties traipi. Traipus var efekt\u012bvi no\u0146emt, uzkl\u0101jot uz skart\u0101s vietas citrona sulu vai sodu un viegli noslaukot ar cietu s\u016bkli. \u0145EM V\u0112R\u0100 \u0160is produkts tiek izgatavots \u012bpa\u0161i jums, tikl\u012bdz j\u016bs veicat pas\u016bt\u012bjumu, t\u0101p\u0113c t\u0101 pieg\u0101de jums aiz\u0146em nedaudz ilg\u0101ku laiku. Produktu izgatavo\u0161ana p\u0113c piepras\u012bjuma, nevis vairum\u0101 pal\u012bdz samazin\u0101t p\u0101rprodukciju, t\u0101p\u0113c paldies, ka pie\u0146emat p\u0101rdom\u0101tus l\u0113mumus par pirkumu!<\/p>","protected":false},"featured_media":2772,"template":"","meta":{"om_disable_all_campaigns":false,"_uf_show_specific_survey":0,"_uf_disable_surveys":false},"product_brand":[],"product_cat":[26,63,64],"product_tag":[],"class_list":{"0":"post-2351","1":"product","2":"type-product","3":"status-publish","4":"has-post-thumbnail","6":"product_cat-suveniri","7":"product_cat-ano-jdp","8":"product_cat-kruzes","10":"first","11":"instock","12":"shipping-taxable","13":"purchasable","14":"product-type-simple"},"aioseo_notices":[],"_links":{"self":[{"href":"https:\/\/klubsmaja.lv\/en\/wp-json\/wp\/v2\/product\/2351"}],"collection":[{"href":"https:\/\/klubsmaja.lv\/en\/wp-json\/wp\/v2\/product"}],"about":[{"href":"https:\/\/klubsmaja.lv\/en\/wp-json\/wp\/v2\/types\/product"}],"wp:featuredmedia":[{"embeddable":true,"href":"https:\/\/klubsmaja.lv\/en\/wp-json\/wp\/v2\/media\/2772"}],"wp:attachment":[{"href":"https:\/\/klubsmaja.lv\/en\/wp-json\/wp\/v2\/media?parent=2351"}],"wp:term":[{"taxonomy":"product_brand","embeddable":true,"href":"https:\/\/klubsmaja.lv\/en\/wp-json\/wp\/v2\/product_brand?post=2351"},{"taxonomy":"product_cat","embeddable":true,"href":"https:\/\/klubsmaja.lv\/en\/wp-json\/wp\/v2\/product_cat?post=2351"},{"taxonomy":"product_tag","embeddable":true,"href":"https:\/\/klubsmaja.lv\/en\/wp-json\/wp\/v2\/product_tag?post=2351"}],"curies":[{"name":"wp","href":"https:\/\/api.w.org\/{rel}","templated":true}]}}