{"id":2379,"date":"2024-06-24T16:25:49","date_gmt":"2024-06-24T16:25:49","guid":{"rendered":"https:\/\/klubsmaja.lv\/product\/trucker-cap\/"},"modified":"2024-06-25T13:17:33","modified_gmt":"2024-06-25T13:17:33","slug":"trucker-cap","status":"publish","type":"product","link":"https:\/\/klubsmaja.lv\/en\/product\/trucker-cap\/","title":{"rendered":"Klubs &#8220;M\u0101ja&#8221; cepure"},"content":{"rendered":"<p>Klasiska stila cepure ar for\u0161u auduma aizmuguri, kuram priek\u0161pus\u0113 ir iz\u0161\u016bts Klubs &#8220;M\u0101ja&#8221; logo.<\/p>\n<p><strong>MAIN CHARACTERISTICS<\/strong><br \/>\n&#8211; Materi\u0101ls: 47% kokvilna, 28% neilons, 25% poliesters.<br \/>\n&#8211; Struktur\u0113ta, piecu pane\u013cu, augsta profila<br \/>\n&#8211; Plakans r\u0113\u0137ins<br \/>\n&#8211; Aizdare Snapback<br \/>\n&#8211; Aizdare ar aizdari Snapback<br \/>\n&#8211; Galvas apk\u0101rtm\u0113rs: 21\u215d\u2033-23\u215d\u2033 (53,3 cm-58,4 cm)<br \/>\n&#8211; Tuk\u0161s izstr\u0101d\u0101jums, kura izcelsme ir Vjetnam\u0101 vai Banglade\u0161\u0101<\/p>","protected":false},"excerpt":{"rendered":"<p>Klasiska stila cepure ar for\u0161u auduma aizmuguri, kuram priek\u0161pus\u0113 ir iz\u0161\u016bts Klubs &#8220;M\u0101ja&#8221; logo. GALVEN\u0100S \u012aPA\u0160\u012aBAS &#8211; Materi\u0101ls: 47% kokvilna, 28% neilons, 25% poliesters. &#8211; Struktur\u0113ta, piecu pane\u013cu, augsta profila &#8211; Plakans r\u0113\u0137ins &#8211; Aizdare Snapback &#8211; Aizdare ar aizdari Snapback &#8211; Galvas apk\u0101rtm\u0113rs: 21\u215d\u2033-23\u215d\u2033 (53,3 cm-58,4 cm) &#8211; Tuk\u0161s izstr\u0101d\u0101jums, kura izcelsme ir Vjetnam\u0101 vai Banglade\u0161\u0101<\/p>","protected":false},"featured_media":2381,"template":"","meta":{"om_disable_all_campaigns":false,"_uf_show_specific_survey":0,"_uf_disable_surveys":false},"product_brand":[],"product_cat":[26,58],"product_tag":[],"class_list":{"0":"post-2379","1":"product","2":"type-product","3":"status-publish","4":"has-post-thumbnail","6":"product_cat-suveniri","7":"product_cat-klubs-maja","9":"first","10":"instock","11":"shipping-taxable","12":"purchasable","13":"product-type-simple"},"aioseo_notices":[],"_links":{"self":[{"href":"https:\/\/klubsmaja.lv\/en\/wp-json\/wp\/v2\/product\/2379"}],"collection":[{"href":"https:\/\/klubsmaja.lv\/en\/wp-json\/wp\/v2\/product"}],"about":[{"href":"https:\/\/klubsmaja.lv\/en\/wp-json\/wp\/v2\/types\/product"}],"wp:featuredmedia":[{"embeddable":true,"href":"https:\/\/klubsmaja.lv\/en\/wp-json\/wp\/v2\/media\/2381"}],"wp:attachment":[{"href":"https:\/\/klubsmaja.lv\/en\/wp-json\/wp\/v2\/media?parent=2379"}],"wp:term":[{"taxonomy":"product_brand","embeddable":true,"href":"https:\/\/klubsmaja.lv\/en\/wp-json\/wp\/v2\/product_brand?post=2379"},{"taxonomy":"product_cat","embeddable":true,"href":"https:\/\/klubsmaja.lv\/en\/wp-json\/wp\/v2\/product_cat?post=2379"},{"taxonomy":"product_tag","embeddable":true,"href":"https:\/\/klubsmaja.lv\/en\/wp-json\/wp\/v2\/product_tag?post=2379"}],"curies":[{"name":"wp","href":"https:\/\/api.w.org\/{rel}","templated":true}]}}