{"id":2395,"date":"2024-06-24T16:28:01","date_gmt":"2024-06-24T16:28:01","guid":{"rendered":"https:\/\/klubsmaja.lv\/product\/unisex-classic-tee\/"},"modified":"2024-06-25T13:16:48","modified_gmt":"2024-06-25T13:16:48","slug":"unisex-classic-tee","status":"publish","type":"product","link":"https:\/\/klubsmaja.lv\/en\/product\/unisex-classic-tee\/","title":{"rendered":"Klubs &#8220;M\u0101ja&#8221; Unisex T-krekls"},"content":{"rendered":"<p>100% kokvilnas viendzimuma klasiskais t-krekls pal\u012bdz\u0113s jums ieg\u016bt struktur\u0113t\u0101ku izskatu. Tas labi s\u0113\u017e, saglab\u0101 asas l\u012bnijas gar mal\u0101m un lieliski sader ar daudzsl\u0101\u0146ainiem ielas ap\u0123\u0113rba t\u0113rpiem. Turkl\u0101t tagad tas ir \u012bpa\u0161i moderns!<\/p>\n<p><strong>MAIN CHARACTERISTICS<\/strong><br \/>\n&#8211; 100% kokvilna<br \/>\n&#8211; Sporta pel\u0113k\u0101 kr\u0101s\u0101 ir 90 % kokvilnas, 10 % poliestera<br \/>\n&#8211; Pelnu pelnu pel\u0113k\u0101 ir 99% kokvilnas, 1% poliestera<br \/>\n&#8211; V\u0113s\u0101 kr\u0101s\u0101 ir 50% kokvilnas, 50% poliestera<br \/>\n&#8211; Auduma svars: 5,0-5,3 oz\/yd\u00b2 (170-180 g\/m\u00b2).<br \/>\n&#8211; Dzija ar va\u013c\u0113jiem galiem<br \/>\n&#8211; Cauru\u013cveida audums<br \/>\n&#8211; Kakla un plecu da\u013ca ar lentu<br \/>\n&#8211; Dubult\u0101 \u0161uve uz piedurkn\u0113m un apak\u0161\u0113j\u0101 apak\u0161mal\u0101.<br \/>\n&#8211; Tuk\u0161ais izstr\u0101d\u0101jums ra\u017eots Honduras\u0101, Nikaragv\u0101, Haiti, Dominik\u0101nas Republik\u0101, Banglade\u0161\u0101, Meksik\u0101.<\/p>\n<p><strong>\u0145EM V\u0112R\u0100<\/strong><br \/>\n\u0160is izstr\u0101d\u0101jums tiek izgatavots speci\u0101li jums, tikl\u012bdz j\u016bs veicat pas\u016bt\u012bjumu, t\u0101p\u0113c t\u0101 pieg\u0101de jums aiz\u0146em nedaudz ilg\u0101ku laiku. Produktu izgatavo\u0161ana p\u0113c piepras\u012bjuma, nevis vairum\u0101 pal\u012bdz samazin\u0101t p\u0101rprodukciju, t\u0101p\u0113c paldies, ka pie\u0146emat p\u0101rdom\u0101tus l\u0113mumus par pirkumu!<\/p>","protected":false},"excerpt":{"rendered":"<p>100% kokvilnas viendzimuma klasiskais t-krekls pal\u012bdz\u0113s jums ieg\u016bt struktur\u0113t\u0101ku izskatu. Tas labi s\u0113\u017e, saglab\u0101 asas l\u012bnijas gar mal\u0101m un lieliski sader ar daudzsl\u0101\u0146ainiem ielas ap\u0123\u0113rba t\u0113rpiem. Turkl\u0101t tagad tas ir \u012bpa\u0161i moderns! GALVEN\u0100S \u012aPA\u0160\u012aBAS &#8211; 100% kokvilna &#8211; Sporta pel\u0113k\u0101 kr\u0101s\u0101 ir 90 % kokvilnas, 10 % poliestera &#8211; Pelnu pelnu pel\u0113k\u0101 ir 99% kokvilnas, 1% poliestera &#8211; V\u0113s\u0101 kr\u0101s\u0101 ir 50% kokvilnas, 50% poliestera &#8211; Auduma svars: 5,0-5,3 oz\/yd\u00b2 (170-180 g\/m\u00b2). &#8211; Dzija ar va\u013c\u0113jiem galiem &#8211; Cauru\u013cveida audums &#8211; Kakla un plecu da\u013ca ar lentu &#8211; Dubult\u0101 \u0161uve uz piedurkn\u0113m un apak\u0161\u0113j\u0101 apak\u0161mal\u0101. &#8211; Tuk\u0161ais izstr\u0101d\u0101jums ra\u017eots Honduras\u0101, Nikaragv\u0101, Haiti, Dominik\u0101nas Republik\u0101, Banglade\u0161\u0101, Meksik\u0101. \u0145EM V\u0112R\u0100 \u0160is izstr\u0101d\u0101jums tiek izgatavots speci\u0101li jums, tikl\u012bdz j\u016bs veicat pas\u016bt\u012bjumu, t\u0101p\u0113c t\u0101 pieg\u0101de jums aiz\u0146em nedaudz ilg\u0101ku laiku. Produktu izgatavo\u0161ana p\u0113c piepras\u012bjuma, nevis vairum\u0101 pal\u012bdz samazin\u0101t p\u0101rprodukciju, t\u0101p\u0113c paldies, ka pie\u0146emat p\u0101rdom\u0101tus l\u0113mumus par pirkumu!<\/p>","protected":false},"featured_media":2446,"template":"","meta":{"om_disable_all_campaigns":false,"_uf_show_specific_survey":0,"_uf_disable_surveys":false},"product_brand":[],"product_cat":[26,58],"product_tag":[],"class_list":{"0":"post-2395","1":"product","2":"type-product","3":"status-publish","4":"has-post-thumbnail","6":"product_cat-suveniri","7":"product_cat-klubs-maja","9":"first","10":"instock","11":"shipping-taxable","12":"purchasable","13":"product-type-variable"},"aioseo_notices":[],"_links":{"self":[{"href":"https:\/\/klubsmaja.lv\/en\/wp-json\/wp\/v2\/product\/2395"}],"collection":[{"href":"https:\/\/klubsmaja.lv\/en\/wp-json\/wp\/v2\/product"}],"about":[{"href":"https:\/\/klubsmaja.lv\/en\/wp-json\/wp\/v2\/types\/product"}],"wp:featuredmedia":[{"embeddable":true,"href":"https:\/\/klubsmaja.lv\/en\/wp-json\/wp\/v2\/media\/2446"}],"wp:attachment":[{"href":"https:\/\/klubsmaja.lv\/en\/wp-json\/wp\/v2\/media?parent=2395"}],"wp:term":[{"taxonomy":"product_brand","embeddable":true,"href":"https:\/\/klubsmaja.lv\/en\/wp-json\/wp\/v2\/product_brand?post=2395"},{"taxonomy":"product_cat","embeddable":true,"href":"https:\/\/klubsmaja.lv\/en\/wp-json\/wp\/v2\/product_cat?post=2395"},{"taxonomy":"product_tag","embeddable":true,"href":"https:\/\/klubsmaja.lv\/en\/wp-json\/wp\/v2\/product_tag?post=2395"}],"curies":[{"name":"wp","href":"https:\/\/api.w.org\/{rel}","templated":true}]}}