{"id":2471,"date":"2024-06-24T16:31:54","date_gmt":"2024-06-24T16:31:54","guid":{"rendered":"https:\/\/klubsmaja.lv\/product\/rubber-case-for-airpods\/"},"modified":"2024-06-25T13:18:27","modified_gmt":"2024-06-25T13:18:27","slug":"rubber-case-for-airpods","status":"publish","type":"product","link":"https:\/\/klubsmaja.lv\/en\/product\/rubber-case-for-airpods\/","title":{"rendered":"Gumijas ietvars priek\u0161 AirPods\u00ae"},"content":{"rendered":"<p>Ar \u0161o gumijas futr\u0101l\u012bti AirPods\u00ae sa\u0146emiet &#8220;divi vien\u0101&#8221;: triecieniztur\u012bgu aizsargier\u012bci austi\u0146\u0101m un stil\u012bgu aksesu\u0101ru, ko ar met\u0101la karab\u012bni varat piestiprin\u0101t pie ap\u0123\u0113rba un somas. \u0160is futr\u0101lis ir izgatavots no iztur\u012bga TPU materi\u0101la un darbojas gan ar bezvadu, gan parastajiem AirPod\u00ae l\u0101d\u0113t\u0101jiem.<\/p>\n<p><strong>MAIN CHARACTERISTICS<\/strong><br \/>\n&#8211; Termoplastisk\u0101 poliuret\u0101na (TPU) materi\u0101ls<br \/>\n&#8211; Amortiz\u0113 triecienus<br \/>\n&#8211; Aizsarg\u0101 AirPods\u00ae no triecieniem, kritieniem un skr\u0101p\u0113jumiem<br \/>\n&#8211; Komplekt\u0101 ir met\u0101la karab\u012bne \u0113rtai p\u0101rn\u0113s\u0101\u0161anai<br \/>\n&#8211; Savietojams gan ar bezvadu, gan parasto l\u0101d\u0113t\u0101ju<br \/>\n&#8211; Pieejams AirPods\u00ae un AirPods\u00ae Pro ier\u012bc\u0113m.<br \/>\n&#8211; Tuk\u0161s izstr\u0101d\u0101jums, kura izcelsme ir Korej\u0101<\/p>\n<p><strong>\u0145EM V\u0112R\u0100<\/strong><br \/>\nAirPods\u00ae futr\u0101lis ir sader\u012bgs ar 1. un 2. paaudzes AirPods\u00ae. AirPods\u00ae Pro futr\u0101lis ir sader\u012bgs ar AirPods\u00ae Pro.<\/p>\n<p><strong>DISCLAIMER<\/strong><br \/>\nProdukt\u0101 nav iek\u013cauts AirPods\u00ae vai AirPods\u00ae l\u0101d\u0113t\u0101js.<\/p>","protected":false},"excerpt":{"rendered":"<p>Ar \u0161o gumijas futr\u0101l\u012bti AirPods\u00ae sa\u0146emiet &#8220;divi vien\u0101&#8221;: triecieniztur\u012bgu aizsargier\u012bci austi\u0146\u0101m un stil\u012bgu aksesu\u0101ru, ko ar met\u0101la karab\u012bni varat piestiprin\u0101t pie ap\u0123\u0113rba un somas. \u0160is futr\u0101lis ir izgatavots no iztur\u012bga TPU materi\u0101la un darbojas gan ar bezvadu, gan parastajiem AirPod\u00ae l\u0101d\u0113t\u0101jiem. GALVEN\u0100S \u012aPA\u0160\u012aBAS &#8211; Termoplastisk\u0101 poliuret\u0101na (TPU) materi\u0101ls &#8211; Amortiz\u0113 triecienus &#8211; Aizsarg\u0101 AirPods\u00ae no triecieniem, kritieniem un skr\u0101p\u0113jumiem &#8211; Komplekt\u0101 ir met\u0101la karab\u012bne \u0113rtai p\u0101rn\u0113s\u0101\u0161anai &#8211; Savietojams gan ar bezvadu, gan parasto l\u0101d\u0113t\u0101ju &#8211; Pieejams AirPods\u00ae un AirPods\u00ae Pro ier\u012bc\u0113m. &#8211; Tuk\u0161s izstr\u0101d\u0101jums, kura izcelsme ir Korej\u0101 \u0145EM V\u0112R\u0100 AirPods\u00ae futr\u0101lis ir sader\u012bgs ar 1. un 2. paaudzes AirPods\u00ae. AirPods\u00ae Pro futr\u0101lis ir sader\u012bgs ar AirPods\u00ae Pro. ATRUNA Produkt\u0101 nav iek\u013cauts AirPods\u00ae vai AirPods\u00ae l\u0101d\u0113t\u0101js.<\/p>","protected":false},"featured_media":2482,"template":"","meta":{"om_disable_all_campaigns":false,"_uf_show_specific_survey":0,"_uf_disable_surveys":false},"product_brand":[],"product_cat":[26,58],"product_tag":[],"class_list":{"0":"post-2471","1":"product","2":"type-product","3":"status-publish","4":"has-post-thumbnail","6":"product_cat-suveniri","7":"product_cat-klubs-maja","9":"first","10":"instock","11":"shipping-taxable","12":"purchasable","13":"product-type-variable"},"aioseo_notices":[],"_links":{"self":[{"href":"https:\/\/klubsmaja.lv\/en\/wp-json\/wp\/v2\/product\/2471"}],"collection":[{"href":"https:\/\/klubsmaja.lv\/en\/wp-json\/wp\/v2\/product"}],"about":[{"href":"https:\/\/klubsmaja.lv\/en\/wp-json\/wp\/v2\/types\/product"}],"wp:featuredmedia":[{"embeddable":true,"href":"https:\/\/klubsmaja.lv\/en\/wp-json\/wp\/v2\/media\/2482"}],"wp:attachment":[{"href":"https:\/\/klubsmaja.lv\/en\/wp-json\/wp\/v2\/media?parent=2471"}],"wp:term":[{"taxonomy":"product_brand","embeddable":true,"href":"https:\/\/klubsmaja.lv\/en\/wp-json\/wp\/v2\/product_brand?post=2471"},{"taxonomy":"product_cat","embeddable":true,"href":"https:\/\/klubsmaja.lv\/en\/wp-json\/wp\/v2\/product_cat?post=2471"},{"taxonomy":"product_tag","embeddable":true,"href":"https:\/\/klubsmaja.lv\/en\/wp-json\/wp\/v2\/product_tag?post=2471"}],"curies":[{"name":"wp","href":"https:\/\/api.w.org\/{rel}","templated":true}]}}